{"id":19847,"date":"2021-08-18T08:23:19","date_gmt":"2021-08-18T08:23:19","guid":{"rendered":"https:\/\/moirai.si\/?post_type=product&#038;p=19847"},"modified":"2025-11-06T15:50:04","modified_gmt":"2025-11-06T15:50:04","slug":"makramee-obsidian-gold","status":"publish","type":"product","link":"https:\/\/moirai.si\/de\/izdelek\/macrame-obsidijan-zlati\/","title":{"rendered":"Makramee Obsidian Golden"},"content":{"rendered":"<p>Unisex-Armband aus der Macrame-Kollektion, hergestellt aus goldenem Obsidian. Das Armband ist flexibel und leicht zu tragen. <\/p>\n<p>MATERIAL: Gold-Obsidian<br \/>\nL\u00c4NGE: einstellbar von 16-25cm<br \/>\nGEWICHT: 9,1 g<br \/>\nSteingr\u00f6\u00dfe: 6-8 mm<\/p>","protected":false},"excerpt":{"rendered":"<p>Unisex zapestnica kolekcije Macrame, ki je narejena iz zlatega Obsidijana. Zapestnica je prilagodljiva in enostavna za no\u0161enje. MATERIAL: zlati Obsidijan DOL\u017dINA: prilagodljiva od 16-25cm TE\u017dA: 9.1 g VELIKOST KAMNOV: 6-8 mm<\/p>","protected":false},"featured_media":19848,"template":"","meta":[],"product_brand":[],"product_cat":[820,212,63,821,822,823,1137],"product_tag":[841],"class_list":{"0":"post-19847","1":"product","2":"type-product","3":"status-publish","4":"has-post-thumbnail","6":"product_cat-do-18cm","7":"product_cat-macrame-2","8":"product_cat-obsidijan","9":"product_cat-od-18-do-19cm","10":"product_cat-od-19-do-20cm","11":"product_cat-od-20cm","12":"product_cat-ogled-vseh-zapestnice-2","13":"product_tag-zlati-obsidijan","15":"first","16":"instock","17":"shipping-taxable","18":"purchasable","19":"product-type-simple"},"_links":{"self":[{"href":"https:\/\/moirai.si\/de\/wp-json\/wp\/v2\/product\/19847","targetHints":{"allow":["GET"]}}],"collection":[{"href":"https:\/\/moirai.si\/de\/wp-json\/wp\/v2\/product"}],"about":[{"href":"https:\/\/moirai.si\/de\/wp-json\/wp\/v2\/types\/product"}],"wp:featuredmedia":[{"embeddable":true,"href":"https:\/\/moirai.si\/de\/wp-json\/wp\/v2\/media\/19848"}],"wp:attachment":[{"href":"https:\/\/moirai.si\/de\/wp-json\/wp\/v2\/media?parent=19847"}],"wp:term":[{"taxonomy":"product_brand","embeddable":true,"href":"https:\/\/moirai.si\/de\/wp-json\/wp\/v2\/product_brand?post=19847"},{"taxonomy":"product_cat","embeddable":true,"href":"https:\/\/moirai.si\/de\/wp-json\/wp\/v2\/product_cat?post=19847"},{"taxonomy":"product_tag","embeddable":true,"href":"https:\/\/moirai.si\/de\/wp-json\/wp\/v2\/product_tag?post=19847"}],"curies":[{"name":"wp","href":"https:\/\/api.w.org\/{rel}","templated":true}]}}