{"id":19860,"date":"2021-08-18T11:25:36","date_gmt":"2021-08-18T11:25:36","guid":{"rendered":"https:\/\/moirai.si\/?post_type=product&#038;p=19860"},"modified":"2025-01-13T14:42:23","modified_gmt":"2025-01-13T14:42:23","slug":"makramee-lava-4","status":"publish","type":"product","link":"https:\/\/moirai.si\/de\/izdelek\/macrame-lava-4\/","title":{"rendered":"Makramee Lava"},"content":{"rendered":"<p>Unisex-Armband aus der Macrame-Kollektion, hergestellt aus schwarzem Lava. Das Armband ist flexibel und leicht zu tragen. Die Abbildung ist symbolisch. Leichte Abweichungen in Form und Gewicht k\u00f6nnen auftreten.<\/p>\n<p>MATERIAL: schwarze Lava<br \/>\nL\u00c4NGE: einstellbar von 16-25cm<br \/>\nGEWICHT: 17,4 g<br \/>\nSteingr\u00f6\u00dfe: 6-10 mm<\/p>","protected":false},"excerpt":{"rendered":"<p>Unisex zapestnica kolekcije Macrame, ki je narejena iz \u010drne Lave. Zapestnica je prilagodljiva in enostavna za no\u0161enje. Slika je simboli\u010dna. Mo\u017ena so manj\u0161a odstopanja v obliki in te\u017ei. MATERIAL: \u010drna Lava DOL\u017dINA: prilagodljiva od 16-25cm TE\u017dA: 17.4 g VELIKOST KAMNOV: 6-10 mm<\/p>","protected":false},"featured_media":19861,"template":"","meta":[],"product_brand":[],"product_cat":[820,750,212,821,822,823,1137],"product_tag":[785],"class_list":{"0":"post-19860","1":"product","2":"type-product","3":"status-publish","4":"has-post-thumbnail","6":"product_cat-do-18cm","7":"product_cat-lava","8":"product_cat-macrame-2","9":"product_cat-od-18-do-19cm","10":"product_cat-od-19-do-20cm","11":"product_cat-od-20cm","12":"product_cat-ogled-vseh-zapestnice-2","13":"product_tag-crna-lava","15":"first","16":"instock","17":"shipping-taxable","18":"purchasable","19":"product-type-simple"},"_links":{"self":[{"href":"https:\/\/moirai.si\/de\/wp-json\/wp\/v2\/product\/19860","targetHints":{"allow":["GET"]}}],"collection":[{"href":"https:\/\/moirai.si\/de\/wp-json\/wp\/v2\/product"}],"about":[{"href":"https:\/\/moirai.si\/de\/wp-json\/wp\/v2\/types\/product"}],"wp:featuredmedia":[{"embeddable":true,"href":"https:\/\/moirai.si\/de\/wp-json\/wp\/v2\/media\/19861"}],"wp:attachment":[{"href":"https:\/\/moirai.si\/de\/wp-json\/wp\/v2\/media?parent=19860"}],"wp:term":[{"taxonomy":"product_brand","embeddable":true,"href":"https:\/\/moirai.si\/de\/wp-json\/wp\/v2\/product_brand?post=19860"},{"taxonomy":"product_cat","embeddable":true,"href":"https:\/\/moirai.si\/de\/wp-json\/wp\/v2\/product_cat?post=19860"},{"taxonomy":"product_tag","embeddable":true,"href":"https:\/\/moirai.si\/de\/wp-json\/wp\/v2\/product_tag?post=19860"}],"curies":[{"name":"wp","href":"https:\/\/api.w.org\/{rel}","templated":true}]}}