{"id":19866,"date":"2021-08-18T11:29:32","date_gmt":"2021-08-18T11:29:32","guid":{"rendered":"https:\/\/moirai.si\/?post_type=product&#038;p=19866"},"modified":"2025-01-13T14:41:56","modified_gmt":"2025-01-13T14:41:56","slug":"macrame-fluorit-mavricni","status":"publish","type":"product","link":"https:\/\/moirai.si\/de\/izdelek\/macrame-fluorit-mavricni\/","title":{"rendered":"Makramee Fluorit Regenbogen"},"content":{"rendered":"<p>Unisex zapestnica kolekcije Macrame, ki je narejena iz Mavri\u010dnega Fluorita. Zapestnica je prilagodljiva in enostavna za no\u0161enje. <\/p>\n<p>Weitere Informationen: <a href=\"https:\/\/moirai.si\/de\/fluorit\/\" target=\"_blank\" rel=\"noopener noreferrer\">Fluorit<\/a><\/p>\n<p>MATERIAL: Mavri\u010dni Fluorit<br \/>\nL\u00c4NGE: einstellbar von 16-25cm<br \/>\nGEWICHT: 7,1 g<br \/>\nSTEINGR\u00d6SSE: 6 mm<\/p>","protected":false},"excerpt":{"rendered":"<p>Unisex zapestnica kolekcije Macrame, ki je narejena iz Mavri\u010dnega Fluorita. Zapestnica je prilagodljiva in enostavna za no\u0161enje. Ve\u010d informacij: Fluorit MATERIAL: Mavri\u010dni Fluorit DOL\u017dINA: prilagodljiva od 16-25cm TE\u017dA: 7.1 g VELIKOST KAMNOV: 6 mm<\/p>","protected":false},"featured_media":19867,"template":"","meta":[],"product_brand":[],"product_cat":[820,39,212,821,822,823,1137],"product_tag":[831],"class_list":{"0":"post-19866","1":"product","2":"type-product","3":"status-publish","4":"has-post-thumbnail","6":"product_cat-do-18cm","7":"product_cat-fluorit","8":"product_cat-macrame-2","9":"product_cat-od-18-do-19cm","10":"product_cat-od-19-do-20cm","11":"product_cat-od-20cm","12":"product_cat-ogled-vseh-zapestnice-2","13":"product_tag-mavricni-fluorit","15":"first","16":"outofstock","17":"shipping-taxable","18":"purchasable","19":"product-type-simple"},"_links":{"self":[{"href":"https:\/\/moirai.si\/de\/wp-json\/wp\/v2\/product\/19866","targetHints":{"allow":["GET"]}}],"collection":[{"href":"https:\/\/moirai.si\/de\/wp-json\/wp\/v2\/product"}],"about":[{"href":"https:\/\/moirai.si\/de\/wp-json\/wp\/v2\/types\/product"}],"wp:featuredmedia":[{"embeddable":true,"href":"https:\/\/moirai.si\/de\/wp-json\/wp\/v2\/media\/19867"}],"wp:attachment":[{"href":"https:\/\/moirai.si\/de\/wp-json\/wp\/v2\/media?parent=19866"}],"wp:term":[{"taxonomy":"product_brand","embeddable":true,"href":"https:\/\/moirai.si\/de\/wp-json\/wp\/v2\/product_brand?post=19866"},{"taxonomy":"product_cat","embeddable":true,"href":"https:\/\/moirai.si\/de\/wp-json\/wp\/v2\/product_cat?post=19866"},{"taxonomy":"product_tag","embeddable":true,"href":"https:\/\/moirai.si\/de\/wp-json\/wp\/v2\/product_tag?post=19866"}],"curies":[{"name":"wp","href":"https:\/\/api.w.org\/{rel}","templated":true}]}}