{"id":19916,"date":"2021-08-20T13:02:13","date_gmt":"2021-08-20T13:02:13","guid":{"rendered":"https:\/\/moirai.si\/?post_type=product&#038;p=19916"},"modified":"2025-11-11T13:38:45","modified_gmt":"2025-11-11T13:38:45","slug":"kalcit-rumeni","status":"publish","type":"product","link":"https:\/\/moirai.si\/de\/izdelek\/kalcit-rumeni\/","title":{"rendered":"Calcit Gelb"},"content":{"rendered":"<p>\u010cudovit kos spoliranega rumenega Kalcita, primeren kot zdravilni ro\u010dni kamen ali kot darilo za va\u0161e najbli\u017enje. Slika je simboli\u010dna. Mo\u017ena so manj\u0161a odstopanja v barvi, te\u017ei in obliki.<\/p>\n<p>Weitere Informationen: <a href=\"https:\/\/moirai.si\/de\/calcit\/\" target=\"_blank\" rel=\"noopener noreferrer\">Calcit<\/a><\/p>\n<p>MATERIAL: rumeni Kalcit (Brazilija)<br \/>\nDIMENZIJE: 1.5-4 cm<br \/>\nGEWICHT: 10-30 g<\/p>","protected":false},"excerpt":{"rendered":"<p>\u010cudovit kos spoliranega rumenega Kalcita, primeren kot zdravilni ro\u010dni kamen ali kot darilo za va\u0161e najbli\u017enje. Slika je simboli\u010dna. Mo\u017ena so manj\u0161a odstopanja v barvi, te\u017ei in obliki. Ve\u010d informacij: Kalcit MATERIAL: rumeni Kalcit (Brazilija) DIMENZIJE: 1.5-4 cm TE\u017dA: 10-30 g<\/p>","protected":false},"featured_media":19917,"template":"","meta":[],"product_brand":[],"product_cat":[747,753],"product_tag":[802],"class_list":{"0":"post-19916","1":"product","2":"type-product","3":"status-publish","4":"has-post-thumbnail","6":"product_cat-kalcit","7":"product_cat-rocni-kamni","8":"product_tag-rumeni-kalcit","10":"first","11":"instock","12":"shipping-taxable","13":"purchasable","14":"product-type-simple"},"_links":{"self":[{"href":"https:\/\/moirai.si\/de\/wp-json\/wp\/v2\/product\/19916","targetHints":{"allow":["GET"]}}],"collection":[{"href":"https:\/\/moirai.si\/de\/wp-json\/wp\/v2\/product"}],"about":[{"href":"https:\/\/moirai.si\/de\/wp-json\/wp\/v2\/types\/product"}],"wp:featuredmedia":[{"embeddable":true,"href":"https:\/\/moirai.si\/de\/wp-json\/wp\/v2\/media\/19917"}],"wp:attachment":[{"href":"https:\/\/moirai.si\/de\/wp-json\/wp\/v2\/media?parent=19916"}],"wp:term":[{"taxonomy":"product_brand","embeddable":true,"href":"https:\/\/moirai.si\/de\/wp-json\/wp\/v2\/product_brand?post=19916"},{"taxonomy":"product_cat","embeddable":true,"href":"https:\/\/moirai.si\/de\/wp-json\/wp\/v2\/product_cat?post=19916"},{"taxonomy":"product_tag","embeddable":true,"href":"https:\/\/moirai.si\/de\/wp-json\/wp\/v2\/product_tag?post=19916"}],"curies":[{"name":"wp","href":"https:\/\/api.w.org\/{rel}","templated":true}]}}