{"id":19920,"date":"2021-08-20T13:16:35","date_gmt":"2021-08-20T13:16:35","guid":{"rendered":"https:\/\/moirai.si\/?post_type=product&#038;p=19920"},"modified":"2026-03-26T12:49:34","modified_gmt":"2026-03-26T12:49:34","slug":"kvarc-dimni-s","status":"publish","type":"product","link":"https:\/\/moirai.si\/de\/izdelek\/kvarc-dimni-s\/","title":{"rendered":"Quarz-Rauch S"},"content":{"rendered":"<p>Ein sch\u00f6nes St\u00fcck polierter Rauchquarz (Brasilien), geeignet als heilender Handstein oder als Geschenk f\u00fcr Ihre Lieben. Die Abbildung ist symbolisch. Geringe Abweichungen in Farbe, Gewicht und Form sind m\u00f6glich.<\/p>\n<p>Weitere Informationen: <a href=\"https:\/\/moirai.si\/de\/quarz\/\" target=\"_blank\" rel=\"noopener noreferrer\">Quarz<\/a><\/p>\n<p>MATERIAL: Rauchquarz (Chadavec)<br \/>\nABMESSUNGEN: 1-3 cm<br \/>\nGEWICHT: 5-15 g<\/p>","protected":false},"excerpt":{"rendered":"<p>\u010cudovit kos spoliranega Dimnega Kvarca (Brazilija), primeren kot zdravilni ro\u010dni kamen ali kot darilo za va\u0161e najbli\u017enje. Slika je simboli\u010dna. Mo\u017ena so manj\u0161a odstopanja v barvi, te\u017ei in obliki. Ve\u010d informacij: Kvarc MATERIAL: Dimni Kvarc (\u010cadavec) DIMENZIJE: 1-3 cm TE\u017dA: 5-15 g<\/p>","protected":false},"featured_media":19921,"template":"","meta":[],"product_brand":[],"product_cat":[848,753],"product_tag":[365],"class_list":{"0":"post-19920","1":"product","2":"type-product","3":"status-publish","4":"has-post-thumbnail","6":"product_cat-kvarc","7":"product_cat-rocni-kamni","8":"product_tag-dimni-kvarc","10":"first","11":"instock","12":"shipping-taxable","13":"purchasable","14":"product-type-simple"},"_links":{"self":[{"href":"https:\/\/moirai.si\/de\/wp-json\/wp\/v2\/product\/19920","targetHints":{"allow":["GET"]}}],"collection":[{"href":"https:\/\/moirai.si\/de\/wp-json\/wp\/v2\/product"}],"about":[{"href":"https:\/\/moirai.si\/de\/wp-json\/wp\/v2\/types\/product"}],"wp:featuredmedia":[{"embeddable":true,"href":"https:\/\/moirai.si\/de\/wp-json\/wp\/v2\/media\/19921"}],"wp:attachment":[{"href":"https:\/\/moirai.si\/de\/wp-json\/wp\/v2\/media?parent=19920"}],"wp:term":[{"taxonomy":"product_brand","embeddable":true,"href":"https:\/\/moirai.si\/de\/wp-json\/wp\/v2\/product_brand?post=19920"},{"taxonomy":"product_cat","embeddable":true,"href":"https:\/\/moirai.si\/de\/wp-json\/wp\/v2\/product_cat?post=19920"},{"taxonomy":"product_tag","embeddable":true,"href":"https:\/\/moirai.si\/de\/wp-json\/wp\/v2\/product_tag?post=19920"}],"curies":[{"name":"wp","href":"https:\/\/api.w.org\/{rel}","templated":true}]}}