{"id":19926,"date":"2021-08-20T13:49:19","date_gmt":"2021-08-20T13:49:19","guid":{"rendered":"https:\/\/moirai.si\/?post_type=product&#038;p=19926"},"modified":"2026-03-26T12:49:58","modified_gmt":"2026-03-26T12:49:58","slug":"ametist-m","status":"publish","type":"product","link":"https:\/\/moirai.si\/de\/izdelek\/ametist-m\/","title":{"rendered":"Ametist M"},"content":{"rendered":"<p>\u010cudovit kos spoliranega Ametista, primeren kot zdravilni ro\u010dni kamen ali kot darilo za va\u0161e najbli\u017enje. Slika je simboli\u010dna. Mo\u017ena so manj\u0161a odstopanja v barvi, te\u017ei in obliki.<\/p>\n<p>Weitere Informationen: <a href=\"https:\/\/moirai.si\/de\/amethyst-2\/\" target=\"_blank\" rel=\"noopener noreferrer\">Amethyst<\/a><\/p>\n<p>MATERIAL: Ametist (Brazilija)<br \/>\nABMESSUNGEN: 1,5-2,5 cm<br \/>\nGEWICHT: 10-20 g<\/p>","protected":false},"excerpt":{"rendered":"<p>\u010cudovit kos spoliranega Ametista, primeren kot zdravilni ro\u010dni kamen ali kot darilo za va\u0161e najbli\u017enje. Slika je simboli\u010dna. Mo\u017ena so manj\u0161a odstopanja v barvi, te\u017ei in obliki. Ve\u010d informacij: Ametist MATERIAL: Ametist (Brazilija) DIMENZIJE: 1,5-2,5 cm TE\u017dA: 10-20 g<\/p>","protected":false},"featured_media":22321,"template":"","meta":[],"product_brand":[],"product_cat":[33,848,753],"product_tag":[195],"class_list":{"0":"post-19926","1":"product","2":"type-product","3":"status-publish","4":"has-post-thumbnail","6":"product_cat-ametist","7":"product_cat-kvarc","8":"product_cat-rocni-kamni","9":"product_tag-ametist","11":"first","12":"instock","13":"shipping-taxable","14":"purchasable","15":"product-type-simple"},"_links":{"self":[{"href":"https:\/\/moirai.si\/de\/wp-json\/wp\/v2\/product\/19926","targetHints":{"allow":["GET"]}}],"collection":[{"href":"https:\/\/moirai.si\/de\/wp-json\/wp\/v2\/product"}],"about":[{"href":"https:\/\/moirai.si\/de\/wp-json\/wp\/v2\/types\/product"}],"wp:featuredmedia":[{"embeddable":true,"href":"https:\/\/moirai.si\/de\/wp-json\/wp\/v2\/media\/22321"}],"wp:attachment":[{"href":"https:\/\/moirai.si\/de\/wp-json\/wp\/v2\/media?parent=19926"}],"wp:term":[{"taxonomy":"product_brand","embeddable":true,"href":"https:\/\/moirai.si\/de\/wp-json\/wp\/v2\/product_brand?post=19926"},{"taxonomy":"product_cat","embeddable":true,"href":"https:\/\/moirai.si\/de\/wp-json\/wp\/v2\/product_cat?post=19926"},{"taxonomy":"product_tag","embeddable":true,"href":"https:\/\/moirai.si\/de\/wp-json\/wp\/v2\/product_tag?post=19926"}],"curies":[{"name":"wp","href":"https:\/\/api.w.org\/{rel}","templated":true}]}}