{"id":20164,"date":"2021-09-22T14:17:48","date_gmt":"2021-09-22T14:17:48","guid":{"rendered":"https:\/\/moirai.si\/?post_type=product&#038;p=20164"},"modified":"2022-11-27T14:46:21","modified_gmt":"2022-11-27T14:46:21","slug":"versy-zoisit-5","status":"publish","type":"product","link":"https:\/\/moirai.si\/de\/izdelek\/versy-zoisit-5\/","title":{"rendered":"Versy Zoisit"},"content":{"rendered":"<p>Einzigartiger Anh\u00e4nger aus der Versy-Kollektion von Zoisite an einem schwarzen Lederband mit verstellbarer L\u00e4nge (den Knoten nach oben oder unten ziehen). Die Halskette ist unisex und f\u00fcr Kinder und Erwachsene geeignet. <\/p>\n<p>MATERIAL: Zoisit, schwarzes Leder<br \/>\nL\u00c4NGE: flexibel (38-77 cm)<br \/>\nGEWICHT: 17,4 g<br \/>\nGr\u00f6\u00dfe des Steins: 2,3-3,5 cm<br \/>\nSTEINDICKE: 1 cm<\/p>","protected":false},"excerpt":{"rendered":"<p>Unikaten obesek kolekcije Versy iz Zoisita na \u010drnem usnjenem traku s prilagodljivo dol\u017eino (poteg vozla gor oz. dol). Ogrlica je unisex in je primerna za otroke in odrasle. MATERIAL: Zoisit, \u010drno usnje DOL\u017dINA: prilagodljiva (38-77 cm) TE\u017dA: 17.4 g VELIKOST KAMNA: 2.3-3.5 cm DEBELINA KAMNA: 1 cm<\/p>","protected":false},"featured_media":20165,"template":"","meta":[],"product_brand":[],"product_cat":[92,309,849],"product_tag":[648,951],"class_list":{"0":"post-20164","1":"product","2":"type-product","3":"status-publish","4":"has-post-thumbnail","6":"product_cat-obeski-in-usnje","7":"product_cat-versy","8":"product_cat-zoisit","9":"product_tag-crno-usnje","10":"product_tag-zoisit","12":"first","13":"instock","14":"shipping-taxable","15":"purchasable","16":"product-type-simple"},"_links":{"self":[{"href":"https:\/\/moirai.si\/de\/wp-json\/wp\/v2\/product\/20164","targetHints":{"allow":["GET"]}}],"collection":[{"href":"https:\/\/moirai.si\/de\/wp-json\/wp\/v2\/product"}],"about":[{"href":"https:\/\/moirai.si\/de\/wp-json\/wp\/v2\/types\/product"}],"wp:featuredmedia":[{"embeddable":true,"href":"https:\/\/moirai.si\/de\/wp-json\/wp\/v2\/media\/20165"}],"wp:attachment":[{"href":"https:\/\/moirai.si\/de\/wp-json\/wp\/v2\/media?parent=20164"}],"wp:term":[{"taxonomy":"product_brand","embeddable":true,"href":"https:\/\/moirai.si\/de\/wp-json\/wp\/v2\/product_brand?post=20164"},{"taxonomy":"product_cat","embeddable":true,"href":"https:\/\/moirai.si\/de\/wp-json\/wp\/v2\/product_cat?post=20164"},{"taxonomy":"product_tag","embeddable":true,"href":"https:\/\/moirai.si\/de\/wp-json\/wp\/v2\/product_tag?post=20164"}],"curies":[{"name":"wp","href":"https:\/\/api.w.org\/{rel}","templated":true}]}}