{"id":20175,"date":"2021-09-22T14:25:49","date_gmt":"2021-09-22T14:25:49","guid":{"rendered":"https:\/\/moirai.si\/?post_type=product&#038;p=20175"},"modified":"2022-11-14T13:58:37","modified_gmt":"2022-11-14T13:58:37","slug":"versierter-labradorit-2","status":"publish","type":"product","link":"https:\/\/moirai.si\/de\/izdelek\/versy-labradorit-2\/","title":{"rendered":"Versy Labradorit"},"content":{"rendered":"<p>Einzigartiger Anh\u00e4nger aus der Versy-Kollektion aus Labradorit an einem schwarzen Lederband mit verstellbarer L\u00e4nge (den Knoten nach oben oder unten ziehen). Die Halskette ist unisex und f\u00fcr Kinder und Erwachsene geeignet. <\/p>\n<p>MATERIAL: Labradorit, schwarzes Leder<br \/>\nL\u00c4NGE: flexibel (38-77 cm)<br \/>\nGEWICHT: 10,8 g<br \/>\nGr\u00f6\u00dfe des Steins: 1,8-2,7 cm<br \/>\nSTEINDICKE: 0,8 cm<\/p>","protected":false},"excerpt":{"rendered":"<p>Unikaten obesek kolekcije Versy iz Labradorita na \u010drnem usnjenem traku s prilagodljivo dol\u017eino (poteg vozla gor oz. dol). Ogrlica je unisex in je primerna za otroke in odrasle. MATERIAL: Labradorit, \u010drno usnje DOL\u017dINA: prilagodljiva (38-77 cm) TE\u017dA: 10.8 g VELIKOST KAMNA: 1.8-2.7 cm DEBELINA KAMNA: 0.8 cm<\/p>","protected":false},"featured_media":20176,"template":"","meta":[],"product_brand":[],"product_cat":[54,92,309],"product_tag":[648,294],"class_list":{"0":"post-20175","1":"product","2":"type-product","3":"status-publish","4":"has-post-thumbnail","6":"product_cat-labradorit","7":"product_cat-obeski-in-usnje","8":"product_cat-versy","9":"product_tag-crno-usnje","10":"product_tag-labradorit","12":"first","13":"instock","14":"shipping-taxable","15":"purchasable","16":"product-type-simple"},"_links":{"self":[{"href":"https:\/\/moirai.si\/de\/wp-json\/wp\/v2\/product\/20175","targetHints":{"allow":["GET"]}}],"collection":[{"href":"https:\/\/moirai.si\/de\/wp-json\/wp\/v2\/product"}],"about":[{"href":"https:\/\/moirai.si\/de\/wp-json\/wp\/v2\/types\/product"}],"wp:featuredmedia":[{"embeddable":true,"href":"https:\/\/moirai.si\/de\/wp-json\/wp\/v2\/media\/20176"}],"wp:attachment":[{"href":"https:\/\/moirai.si\/de\/wp-json\/wp\/v2\/media?parent=20175"}],"wp:term":[{"taxonomy":"product_brand","embeddable":true,"href":"https:\/\/moirai.si\/de\/wp-json\/wp\/v2\/product_brand?post=20175"},{"taxonomy":"product_cat","embeddable":true,"href":"https:\/\/moirai.si\/de\/wp-json\/wp\/v2\/product_cat?post=20175"},{"taxonomy":"product_tag","embeddable":true,"href":"https:\/\/moirai.si\/de\/wp-json\/wp\/v2\/product_tag?post=20175"}],"curies":[{"name":"wp","href":"https:\/\/api.w.org\/{rel}","templated":true}]}}