{"id":20200,"date":"2021-10-01T14:17:35","date_gmt":"2021-10-01T14:17:35","guid":{"rendered":"https:\/\/moirai.si\/?post_type=product&#038;p=20200"},"modified":"2026-01-28T12:04:19","modified_gmt":"2026-01-28T12:04:19","slug":"krpice-za-ciscenje-in-poliranje","status":"publish","type":"product","link":"https:\/\/moirai.si\/de\/izdelek\/krpice-za-ciscenje-in-poliranje\/","title":{"rendered":"Reinigungst\u00fccher und Poliert\u00fccher"},"content":{"rendered":"<p>Komplet 25 krpic za enkratno varno \u010di\u0161\u010denje in poliranje srebra, zlata, kamnov in ur. Za trajen lesk! Za obnovitev originalnega leska va\u0161ega nakita uporabite krpico, ki instantno o\u010disti, spolira ter nanese za\u0161\u010ditni sloj.<br \/>\nANLEITUNG: Reiben Sie das Tuch sanft \u00fcber den Schmuck und entsorgen Sie es nach Gebrauch. Wischen Sie den Schmuck mit einem trockenen, weichen Tuch ab. Oxidation, die sich auf dem Tuch ansammelt (schwarze Schicht), kann auf die H\u00e4nde \u00fcbertragen werden. Waschen Sie sich in diesem Fall die H\u00e4nde gut mit Seife.<\/p>\n<p>DIMENZIJE: 7,6 x 8,9 cm<br \/>\nTE\u017dA:\t40,5 g<\/p>","protected":false},"excerpt":{"rendered":"<p>Komplet 25 krpic za enkratno varno \u010di\u0161\u010denje in poliranje srebra, zlata, kamnov in ur. Za trajen lesk! Za obnovitev originalnega leska va\u0161ega nakita uporabite krpico, ki instantno o\u010disti, spolira ter nanese za\u0161\u010ditni sloj. NAVODILA: Krpico ne\u017eno podrgnite po nakitu ter jo po uporabi odvrzite. Nakit obri\u0161ite s suho mehko krpo. Oksidacija, ki se nabere na [&hellip;]<\/p>\n","protected":false},"featured_media":20201,"template":"","meta":[],"product_brand":[],"product_cat":[755],"product_tag":[963],"class_list":{"0":"post-20200","1":"product","2":"type-product","3":"status-publish","4":"has-post-thumbnail","6":"product_cat-mix","7":"product_tag-krpica-za-ciscenje-in-poliranje","9":"first","10":"instock","11":"shipping-taxable","12":"purchasable","13":"product-type-simple"},"_links":{"self":[{"href":"https:\/\/moirai.si\/de\/wp-json\/wp\/v2\/product\/20200","targetHints":{"allow":["GET"]}}],"collection":[{"href":"https:\/\/moirai.si\/de\/wp-json\/wp\/v2\/product"}],"about":[{"href":"https:\/\/moirai.si\/de\/wp-json\/wp\/v2\/types\/product"}],"wp:featuredmedia":[{"embeddable":true,"href":"https:\/\/moirai.si\/de\/wp-json\/wp\/v2\/media\/20201"}],"wp:attachment":[{"href":"https:\/\/moirai.si\/de\/wp-json\/wp\/v2\/media?parent=20200"}],"wp:term":[{"taxonomy":"product_brand","embeddable":true,"href":"https:\/\/moirai.si\/de\/wp-json\/wp\/v2\/product_brand?post=20200"},{"taxonomy":"product_cat","embeddable":true,"href":"https:\/\/moirai.si\/de\/wp-json\/wp\/v2\/product_cat?post=20200"},{"taxonomy":"product_tag","embeddable":true,"href":"https:\/\/moirai.si\/de\/wp-json\/wp\/v2\/product_tag?post=20200"}],"curies":[{"name":"wp","href":"https:\/\/api.w.org\/{rel}","templated":true}]}}