{"id":20260,"date":"2021-10-13T09:54:34","date_gmt":"2021-10-13T09:54:34","guid":{"rendered":"https:\/\/moirai.si\/?post_type=product&#038;p=20260"},"modified":"2025-01-13T18:25:07","modified_gmt":"2025-01-13T18:25:07","slug":"argo-kamena-strela-6","status":"publish","type":"product","link":"https:\/\/moirai.si\/de\/izdelek\/argo-kamena-strela-6\/","title":{"rendered":"Argo Bergkristall"},"content":{"rendered":"<p>Prikupni uhani kolekcije Argo, ki so narejeni iz Kamene Strele in srebra 925.<\/p>\n<p>Weitere Informationen: <a href=\"https:\/\/moirai.si\/de\/bergkristall\/\" target=\"_blank\" rel=\"noopener noreferrer\">Bergkristall<\/a><\/p>\n<p>MATERIAL: Blitzstein, Sterling Silber 925<br \/>\nSteingr\u00f6\u00dfe: 6-14 mm<br \/>\nGEWICHT: 12,8 g<br \/>\nDOL\u017dINA: 5.8 cm<\/p>","protected":false},"excerpt":{"rendered":"<p>Prikupni uhani kolekcije Argo, ki so narejeni iz Kamene Strele in srebra 925. Ve\u010d informacij: Kamena Strela MATERIAL: Kamena Strela, srebro 925 VELIKOST KAMNOV: 6-14 mm TE\u017dA: 12.8 g DOL\u017dINA: 5.8 cm<\/p>","protected":false},"featured_media":25913,"template":"","meta":[],"product_brand":[],"product_cat":[191,68,1138,27,1140],"product_tag":[203,371],"class_list":{"0":"post-20260","1":"product","2":"type-product","3":"status-publish","4":"has-post-thumbnail","6":"product_cat-argo","7":"product_cat-kamena-strela","8":"product_cat-ogled-vseh-uhani","9":"product_cat-uhani","10":"product_cat-uhani-argo","11":"product_tag-kamena-strela","12":"product_tag-srebro-925","14":"first","15":"instock","16":"shipping-taxable","17":"purchasable","18":"product-type-simple"},"_links":{"self":[{"href":"https:\/\/moirai.si\/de\/wp-json\/wp\/v2\/product\/20260","targetHints":{"allow":["GET"]}}],"collection":[{"href":"https:\/\/moirai.si\/de\/wp-json\/wp\/v2\/product"}],"about":[{"href":"https:\/\/moirai.si\/de\/wp-json\/wp\/v2\/types\/product"}],"wp:featuredmedia":[{"embeddable":true,"href":"https:\/\/moirai.si\/de\/wp-json\/wp\/v2\/media\/25913"}],"wp:attachment":[{"href":"https:\/\/moirai.si\/de\/wp-json\/wp\/v2\/media?parent=20260"}],"wp:term":[{"taxonomy":"product_brand","embeddable":true,"href":"https:\/\/moirai.si\/de\/wp-json\/wp\/v2\/product_brand?post=20260"},{"taxonomy":"product_cat","embeddable":true,"href":"https:\/\/moirai.si\/de\/wp-json\/wp\/v2\/product_cat?post=20260"},{"taxonomy":"product_tag","embeddable":true,"href":"https:\/\/moirai.si\/de\/wp-json\/wp\/v2\/product_tag?post=20260"}],"curies":[{"name":"wp","href":"https:\/\/api.w.org\/{rel}","templated":true}]}}