{"id":20266,"date":"2021-10-13T10:01:23","date_gmt":"2021-10-13T10:01:23","guid":{"rendered":"https:\/\/moirai.si\/?post_type=product&#038;p=20266"},"modified":"2025-01-14T13:57:29","modified_gmt":"2025-01-14T13:57:29","slug":"argo-oniks-obsidijan","status":"publish","type":"product","link":"https:\/\/moirai.si\/de\/izdelek\/argo-oniks-obsidijan\/","title":{"rendered":"Argo Onyx Obsidian"},"content":{"rendered":"<p>H\u00fcbsche Ohrringe aus der Argo-Kollektion, hergestellt aus verschiedenen Steinen und 925er Silber.<\/p>\n<p>MATERIAL: \u010drni Obsidijan, fasetiran Oniks, srebro 925<br \/>\nSteingr\u00f6\u00dfe: 6-12 mm<br \/>\nGEWICHT: 7,3 g<br \/>\nL\u00c4NGE: 5 cm<\/p>","protected":false},"excerpt":{"rendered":"<p>Prikupni uhani kolekcije Argo, ki so narejeni iz razli\u010dnih kamnov in srebra 925. MATERIAL: \u010drni Obsidijan, fasetiran Oniks, srebro 925 VELIKOST KAMNOV: 6-12 mm TE\u017dA: 7.3 g DOL\u017dINA: 5 cm<\/p>","protected":false},"featured_media":25931,"template":"","meta":[],"product_brand":[],"product_cat":[191,63,1138,62,27,1140],"product_tag":[293,231,371],"class_list":{"0":"post-20266","1":"product","2":"type-product","3":"status-publish","4":"has-post-thumbnail","6":"product_cat-argo","7":"product_cat-obsidijan","8":"product_cat-ogled-vseh-uhani","9":"product_cat-oniks","10":"product_cat-uhani","11":"product_cat-uhani-argo","12":"product_tag-fasetiran-oniks","13":"product_tag-obsidijan","14":"product_tag-srebro-925","16":"first","17":"instock","18":"shipping-taxable","19":"purchasable","20":"product-type-simple"},"_links":{"self":[{"href":"https:\/\/moirai.si\/de\/wp-json\/wp\/v2\/product\/20266","targetHints":{"allow":["GET"]}}],"collection":[{"href":"https:\/\/moirai.si\/de\/wp-json\/wp\/v2\/product"}],"about":[{"href":"https:\/\/moirai.si\/de\/wp-json\/wp\/v2\/types\/product"}],"wp:featuredmedia":[{"embeddable":true,"href":"https:\/\/moirai.si\/de\/wp-json\/wp\/v2\/media\/25931"}],"wp:attachment":[{"href":"https:\/\/moirai.si\/de\/wp-json\/wp\/v2\/media?parent=20266"}],"wp:term":[{"taxonomy":"product_brand","embeddable":true,"href":"https:\/\/moirai.si\/de\/wp-json\/wp\/v2\/product_brand?post=20266"},{"taxonomy":"product_cat","embeddable":true,"href":"https:\/\/moirai.si\/de\/wp-json\/wp\/v2\/product_cat?post=20266"},{"taxonomy":"product_tag","embeddable":true,"href":"https:\/\/moirai.si\/de\/wp-json\/wp\/v2\/product_tag?post=20266"}],"curies":[{"name":"wp","href":"https:\/\/api.w.org\/{rel}","templated":true}]}}