{"id":20280,"date":"2021-10-13T10:13:27","date_gmt":"2021-10-13T10:13:27","guid":{"rendered":"https:\/\/moirai.si\/?post_type=product&#038;p=20280"},"modified":"2025-01-12T20:16:55","modified_gmt":"2025-01-12T20:16:55","slug":"klassischer-mix-72","status":"publish","type":"product","link":"https:\/\/moirai.si\/de\/izdelek\/clasic-mix-72\/","title":{"rendered":"Klassischer Mix"},"content":{"rendered":"<p>Elegante Ohrringe aus der Clasic-Kollektion, hergestellt aus verschiedenen Steinen und 925er Silber.<\/p>\n<p>MATERIAL: rote Pilzkoralle, H\u00e4matit, schwarzer Turmalin, Sterling Silber 925<br \/>\nSteingr\u00f6\u00dfe: 4-16 mm<br \/>\nGEWICHT: 12,2 g<br \/>\nL\u00c4NGE: 5,5 cm<\/p>","protected":false},"excerpt":{"rendered":"<p>Elegantni uhani kolekcije Clasic, ki so narejeni iz razli\u010dnih kamnov in srebra 925. MATERIAL: rde\u010da Gobasta Korala, Hematit, \u010drni Turmalin, srebro 925 VELIKOST KAMNOV: 4-16 mm TE\u017dA: 12.2 g DOL\u017dINA: 5.5 cm<\/p>","protected":false},"featured_media":20281,"template":"","meta":[],"product_brand":[],"product_cat":[208,52,42,1138,85,27,1141],"product_tag":[766,202,398,371],"class_list":{"0":"post-20280","1":"product","2":"type-product","3":"status-publish","4":"has-post-thumbnail","6":"product_cat-clasic","7":"product_cat-gobasta-korala","8":"product_cat-hematit","9":"product_cat-ogled-vseh-uhani","10":"product_cat-turmalin","11":"product_cat-uhani","12":"product_cat-uhani-clasic","13":"product_tag-crni-turmalin","14":"product_tag-hematit","15":"product_tag-rdeca-gobasta-korala","16":"product_tag-srebro-925","18":"first","19":"instock","20":"shipping-taxable","21":"purchasable","22":"product-type-simple"},"_links":{"self":[{"href":"https:\/\/moirai.si\/de\/wp-json\/wp\/v2\/product\/20280","targetHints":{"allow":["GET"]}}],"collection":[{"href":"https:\/\/moirai.si\/de\/wp-json\/wp\/v2\/product"}],"about":[{"href":"https:\/\/moirai.si\/de\/wp-json\/wp\/v2\/types\/product"}],"wp:featuredmedia":[{"embeddable":true,"href":"https:\/\/moirai.si\/de\/wp-json\/wp\/v2\/media\/20281"}],"wp:attachment":[{"href":"https:\/\/moirai.si\/de\/wp-json\/wp\/v2\/media?parent=20280"}],"wp:term":[{"taxonomy":"product_brand","embeddable":true,"href":"https:\/\/moirai.si\/de\/wp-json\/wp\/v2\/product_brand?post=20280"},{"taxonomy":"product_cat","embeddable":true,"href":"https:\/\/moirai.si\/de\/wp-json\/wp\/v2\/product_cat?post=20280"},{"taxonomy":"product_tag","embeddable":true,"href":"https:\/\/moirai.si\/de\/wp-json\/wp\/v2\/product_tag?post=20280"}],"curies":[{"name":"wp","href":"https:\/\/api.w.org\/{rel}","templated":true}]}}