{"id":20285,"date":"2021-10-13T10:15:51","date_gmt":"2021-10-13T10:15:51","guid":{"rendered":"https:\/\/moirai.si\/?post_type=product&#038;p=20285"},"modified":"2025-01-12T20:17:18","modified_gmt":"2025-01-12T20:17:18","slug":"klassischer-mix-74","status":"publish","type":"product","link":"https:\/\/moirai.si\/de\/izdelek\/clasic-mix-74\/","title":{"rendered":"Klassischer Mix"},"content":{"rendered":"<p>Elegante Ohrringe aus der Clasic-Kollektion, hergestellt aus verschiedenen Steinen und 925er Silber.<\/p>\n<p>MATERIAL: rote Pilzkoralle, H\u00e4matit, Sterling Silber 925<br \/>\nSteingr\u00f6\u00dfe: 4-16 mm<br \/>\nGEWICHT: 12,3 g<br \/>\nL\u00c4NGE: 6,3 cm<\/p>","protected":false},"excerpt":{"rendered":"<p>Elegantni uhani kolekcije Clasic, ki so narejeni iz razli\u010dnih kamnov in srebra 925. MATERIAL: rde\u010da Gobasta Korala, Hematit, srebro 925 VELIKOST KAMNOV: 4-16 mm TE\u017dA: 12.3 g DOL\u017dINA: 6.3 cm<\/p>","protected":false},"featured_media":20286,"template":"","meta":[],"product_brand":[],"product_cat":[208,52,42,1138,27,1141],"product_tag":[202,398,371],"class_list":{"0":"post-20285","1":"product","2":"type-product","3":"status-publish","4":"has-post-thumbnail","6":"product_cat-clasic","7":"product_cat-gobasta-korala","8":"product_cat-hematit","9":"product_cat-ogled-vseh-uhani","10":"product_cat-uhani","11":"product_cat-uhani-clasic","12":"product_tag-hematit","13":"product_tag-rdeca-gobasta-korala","14":"product_tag-srebro-925","16":"first","17":"instock","18":"shipping-taxable","19":"purchasable","20":"product-type-simple"},"_links":{"self":[{"href":"https:\/\/moirai.si\/de\/wp-json\/wp\/v2\/product\/20285","targetHints":{"allow":["GET"]}}],"collection":[{"href":"https:\/\/moirai.si\/de\/wp-json\/wp\/v2\/product"}],"about":[{"href":"https:\/\/moirai.si\/de\/wp-json\/wp\/v2\/types\/product"}],"wp:featuredmedia":[{"embeddable":true,"href":"https:\/\/moirai.si\/de\/wp-json\/wp\/v2\/media\/20286"}],"wp:attachment":[{"href":"https:\/\/moirai.si\/de\/wp-json\/wp\/v2\/media?parent=20285"}],"wp:term":[{"taxonomy":"product_brand","embeddable":true,"href":"https:\/\/moirai.si\/de\/wp-json\/wp\/v2\/product_brand?post=20285"},{"taxonomy":"product_cat","embeddable":true,"href":"https:\/\/moirai.si\/de\/wp-json\/wp\/v2\/product_cat?post=20285"},{"taxonomy":"product_tag","embeddable":true,"href":"https:\/\/moirai.si\/de\/wp-json\/wp\/v2\/product_tag?post=20285"}],"curies":[{"name":"wp","href":"https:\/\/api.w.org\/{rel}","templated":true}]}}