{"id":20293,"date":"2021-10-13T10:26:05","date_gmt":"2021-10-13T10:26:05","guid":{"rendered":"https:\/\/moirai.si\/?post_type=product&#038;p=20293"},"modified":"2025-01-12T20:17:48","modified_gmt":"2025-01-12T20:17:48","slug":"clasic-mix-78","status":"publish","type":"product","link":"https:\/\/moirai.si\/de\/izdelek\/clasic-mix-78\/","title":{"rendered":"Klassischer Mix"},"content":{"rendered":"<p>Elegante Ohrringe aus der Clasic-Kollektion, hergestellt aus verschiedenen Steinen und 925er Silber.<\/p>\n<p>MATERIAL: Obsidijan, Hematit, fasetiran Oniks, srebro 925<br \/>\nSteingr\u00f6\u00dfe: 4-12 mm<br \/>\nTE\u017dA: 8.3 g<br \/>\nL\u00c4NGE: 5,2 cm<\/p>","protected":false},"excerpt":{"rendered":"<p>Elegantni uhani kolekcije Clasic, ki so narejeni iz razli\u010dnih kamnov in srebra 925. MATERIAL: Obsidijan, Hematit, fasetiran Oniks, srebro 925 VELIKOST KAMNOV: 4-12 mm TE\u017dA: 8.3 g DOL\u017dINA: 5.2 cm<\/p>","protected":false},"featured_media":20294,"template":"","meta":[],"product_brand":[],"product_cat":[208,42,63,1138,62,27,1141],"product_tag":[293,202,231,371],"class_list":{"0":"post-20293","1":"product","2":"type-product","3":"status-publish","4":"has-post-thumbnail","6":"product_cat-clasic","7":"product_cat-hematit","8":"product_cat-obsidijan","9":"product_cat-ogled-vseh-uhani","10":"product_cat-oniks","11":"product_cat-uhani","12":"product_cat-uhani-clasic","13":"product_tag-fasetiran-oniks","14":"product_tag-hematit","15":"product_tag-obsidijan","16":"product_tag-srebro-925","18":"first","19":"instock","20":"shipping-taxable","21":"purchasable","22":"product-type-simple"},"_links":{"self":[{"href":"https:\/\/moirai.si\/de\/wp-json\/wp\/v2\/product\/20293","targetHints":{"allow":["GET"]}}],"collection":[{"href":"https:\/\/moirai.si\/de\/wp-json\/wp\/v2\/product"}],"about":[{"href":"https:\/\/moirai.si\/de\/wp-json\/wp\/v2\/types\/product"}],"wp:featuredmedia":[{"embeddable":true,"href":"https:\/\/moirai.si\/de\/wp-json\/wp\/v2\/media\/20294"}],"wp:attachment":[{"href":"https:\/\/moirai.si\/de\/wp-json\/wp\/v2\/media?parent=20293"}],"wp:term":[{"taxonomy":"product_brand","embeddable":true,"href":"https:\/\/moirai.si\/de\/wp-json\/wp\/v2\/product_brand?post=20293"},{"taxonomy":"product_cat","embeddable":true,"href":"https:\/\/moirai.si\/de\/wp-json\/wp\/v2\/product_cat?post=20293"},{"taxonomy":"product_tag","embeddable":true,"href":"https:\/\/moirai.si\/de\/wp-json\/wp\/v2\/product_tag?post=20293"}],"curies":[{"name":"wp","href":"https:\/\/api.w.org\/{rel}","templated":true}]}}