{"id":20297,"date":"2021-10-13T10:29:03","date_gmt":"2021-10-13T10:29:03","guid":{"rendered":"https:\/\/moirai.si\/?post_type=product&#038;p=20297"},"modified":"2025-01-12T20:18:08","modified_gmt":"2025-01-12T20:18:08","slug":"klassischer-mix-80","status":"publish","type":"product","link":"https:\/\/moirai.si\/de\/izdelek\/clasic-mix-80\/","title":{"rendered":"Klassischer Mix"},"content":{"rendered":"<p>Elegante Ohrringe aus der Clasic-Kollektion, hergestellt aus verschiedenen Steinen und 925er Silber.<\/p>\n<p>MATERIAL: schwarzer Turmalin, Achat, Sterling Silber 925<br \/>\nSteingr\u00f6\u00dfe: 6-14 mm<br \/>\nGEWICHT: 10,2 g<br \/>\nL\u00c4NGE: 5 cm<\/p>","protected":false},"excerpt":{"rendered":"<p>Elegantni uhani kolekcije Clasic, ki so narejeni iz razli\u010dnih kamnov in srebra 925. MATERIAL: \u010drni Turmalin, Ahat, srebro 925 VELIKOST KAMNOV: 6-14 mm TE\u017dA: 10.2 g DOL\u017dINA: 5 cm<\/p>","protected":false},"featured_media":20298,"template":"","meta":[],"product_brand":[],"product_cat":[30,208,1138,85,27,1141],"product_tag":[277,766,371],"class_list":{"0":"post-20297","1":"product","2":"type-product","3":"status-publish","4":"has-post-thumbnail","6":"product_cat-ahat","7":"product_cat-clasic","8":"product_cat-ogled-vseh-uhani","9":"product_cat-turmalin","10":"product_cat-uhani","11":"product_cat-uhani-clasic","12":"product_tag-ahat","13":"product_tag-crni-turmalin","14":"product_tag-srebro-925","16":"first","17":"instock","18":"shipping-taxable","19":"purchasable","20":"product-type-simple"},"_links":{"self":[{"href":"https:\/\/moirai.si\/de\/wp-json\/wp\/v2\/product\/20297","targetHints":{"allow":["GET"]}}],"collection":[{"href":"https:\/\/moirai.si\/de\/wp-json\/wp\/v2\/product"}],"about":[{"href":"https:\/\/moirai.si\/de\/wp-json\/wp\/v2\/types\/product"}],"wp:featuredmedia":[{"embeddable":true,"href":"https:\/\/moirai.si\/de\/wp-json\/wp\/v2\/media\/20298"}],"wp:attachment":[{"href":"https:\/\/moirai.si\/de\/wp-json\/wp\/v2\/media?parent=20297"}],"wp:term":[{"taxonomy":"product_brand","embeddable":true,"href":"https:\/\/moirai.si\/de\/wp-json\/wp\/v2\/product_brand?post=20297"},{"taxonomy":"product_cat","embeddable":true,"href":"https:\/\/moirai.si\/de\/wp-json\/wp\/v2\/product_cat?post=20297"},{"taxonomy":"product_tag","embeddable":true,"href":"https:\/\/moirai.si\/de\/wp-json\/wp\/v2\/product_tag?post=20297"}],"curies":[{"name":"wp","href":"https:\/\/api.w.org\/{rel}","templated":true}]}}