{"id":20299,"date":"2021-10-13T10:31:03","date_gmt":"2021-10-13T10:31:03","guid":{"rendered":"https:\/\/moirai.si\/?post_type=product&#038;p=20299"},"modified":"2025-12-16T16:08:06","modified_gmt":"2025-12-16T16:08:06","slug":"clasic-turkiz-hematit","status":"publish","type":"product","link":"https:\/\/moirai.si\/de\/izdelek\/clasic-turkiz-hematit\/","title":{"rendered":"Clasic Turkiz Hematit"},"content":{"rendered":"<p>Elegante Ohrringe aus der Clasic-Kollektion, hergestellt aus verschiedenen Steinen und 925er Silber.<\/p>\n<p>MATERIAL: Turkiz, Hematit, srebro 925<br \/>\nSteingr\u00f6\u00dfe: 6-10 mm<br \/>\nTE\u017dA: 9.5 g<br \/>\nL\u00c4NGE: 5,2 cm<\/p>","protected":false},"excerpt":{"rendered":"<p>Elegantni uhani kolekcije Clasic, ki so narejeni iz razli\u010dnih kamnov in srebra 925. MATERIAL: Turkiz, Hematit, srebro 925 VELIKOST KAMNOV: 6-10 mm TE\u017dA: 9.5 g DOL\u017dINA: 5.2 cm<\/p>","protected":false},"featured_media":26971,"template":"","meta":[],"product_brand":[],"product_cat":[208,42,1138,82,27,1141],"product_tag":[202,371,223],"class_list":{"0":"post-20299","1":"product","2":"type-product","3":"status-publish","4":"has-post-thumbnail","6":"product_cat-clasic","7":"product_cat-hematit","8":"product_cat-ogled-vseh-uhani","9":"product_cat-turkiz","10":"product_cat-uhani","11":"product_cat-uhani-clasic","12":"product_tag-hematit","13":"product_tag-srebro-925","14":"product_tag-turkiz","16":"first","17":"instock","18":"shipping-taxable","19":"purchasable","20":"product-type-simple"},"_links":{"self":[{"href":"https:\/\/moirai.si\/de\/wp-json\/wp\/v2\/product\/20299","targetHints":{"allow":["GET"]}}],"collection":[{"href":"https:\/\/moirai.si\/de\/wp-json\/wp\/v2\/product"}],"about":[{"href":"https:\/\/moirai.si\/de\/wp-json\/wp\/v2\/types\/product"}],"wp:featuredmedia":[{"embeddable":true,"href":"https:\/\/moirai.si\/de\/wp-json\/wp\/v2\/media\/26971"}],"wp:attachment":[{"href":"https:\/\/moirai.si\/de\/wp-json\/wp\/v2\/media?parent=20299"}],"wp:term":[{"taxonomy":"product_brand","embeddable":true,"href":"https:\/\/moirai.si\/de\/wp-json\/wp\/v2\/product_brand?post=20299"},{"taxonomy":"product_cat","embeddable":true,"href":"https:\/\/moirai.si\/de\/wp-json\/wp\/v2\/product_cat?post=20299"},{"taxonomy":"product_tag","embeddable":true,"href":"https:\/\/moirai.si\/de\/wp-json\/wp\/v2\/product_tag?post=20299"}],"curies":[{"name":"wp","href":"https:\/\/api.w.org\/{rel}","templated":true}]}}