{"id":20301,"date":"2021-10-13T10:33:08","date_gmt":"2021-10-13T10:33:08","guid":{"rendered":"https:\/\/moirai.si\/?post_type=product&#038;p=20301"},"modified":"2025-03-11T11:50:37","modified_gmt":"2025-03-11T11:50:37","slug":"klassischer-malachit","status":"publish","type":"product","link":"https:\/\/moirai.si\/de\/izdelek\/clasic-malahit\/","title":{"rendered":"Klassischer Malachit"},"content":{"rendered":"<p>Elegante Ohrringe aus der Clasic-Kollektion, hergestellt aus Malachit und Sterling Silber 925. Die Abbildung ist symbolisch. Leichte Farbabweichungen sind m\u00f6glich. <\/p>\n<p>MATERIAL: Malachit, Sterlingsilber 925<br \/>\nSTEINGR\u00d6SSE: 8 mm<br \/>\nGEWICHT: 3,6 g<br \/>\nL\u00c4NGE: 3,3 cm<\/p>","protected":false},"excerpt":{"rendered":"<p>Elegantni uhani kolekcije Clasic, ki so narejeni iz Malahita in rodiniranega srebra 925. Slika je simboli\u010dna. Mo\u017ena so manj\u0161a odstopanja v barvi. MATERIAL: Malahit, rodinirano srebro 925 VELIKOST KAMNOV: 8 mm TE\u017dA: 3.6 g DOL\u017dINA: 3.3 cm<\/p>","protected":false},"featured_media":23211,"template":"","meta":[],"product_brand":[],"product_cat":[208,60,1138,27,1141],"product_tag":[399,637],"class_list":{"0":"post-20301","1":"product","2":"type-product","3":"status-publish","4":"has-post-thumbnail","6":"product_cat-clasic","7":"product_cat-malahit","8":"product_cat-ogled-vseh-uhani","9":"product_cat-uhani","10":"product_cat-uhani-clasic","11":"product_tag-malahit","12":"product_tag-rodinirano-srebro-925","14":"first","15":"instock","16":"shipping-taxable","17":"purchasable","18":"product-type-simple"},"_links":{"self":[{"href":"https:\/\/moirai.si\/de\/wp-json\/wp\/v2\/product\/20301","targetHints":{"allow":["GET"]}}],"collection":[{"href":"https:\/\/moirai.si\/de\/wp-json\/wp\/v2\/product"}],"about":[{"href":"https:\/\/moirai.si\/de\/wp-json\/wp\/v2\/types\/product"}],"wp:featuredmedia":[{"embeddable":true,"href":"https:\/\/moirai.si\/de\/wp-json\/wp\/v2\/media\/23211"}],"wp:attachment":[{"href":"https:\/\/moirai.si\/de\/wp-json\/wp\/v2\/media?parent=20301"}],"wp:term":[{"taxonomy":"product_brand","embeddable":true,"href":"https:\/\/moirai.si\/de\/wp-json\/wp\/v2\/product_brand?post=20301"},{"taxonomy":"product_cat","embeddable":true,"href":"https:\/\/moirai.si\/de\/wp-json\/wp\/v2\/product_cat?post=20301"},{"taxonomy":"product_tag","embeddable":true,"href":"https:\/\/moirai.si\/de\/wp-json\/wp\/v2\/product_tag?post=20301"}],"curies":[{"name":"wp","href":"https:\/\/api.w.org\/{rel}","templated":true}]}}