{"id":20313,"date":"2021-10-13T11:58:00","date_gmt":"2021-10-13T11:58:00","guid":{"rendered":"https:\/\/moirai.si\/?post_type=product&#038;p=20313"},"modified":"2025-12-16T15:48:23","modified_gmt":"2025-12-16T15:48:23","slug":"lungo-mix-2","status":"publish","type":"product","link":"https:\/\/moirai.si\/de\/izdelek\/lungo-mix-2\/","title":{"rendered":"Lungo-Mix"},"content":{"rendered":"<p>Elegante Ohrringe aus der Lungo-Kollektion, hergestellt aus verschiedenen Steinen und 925er Silber. <\/p>\n<p>MATERIAL: rote Pilzkoralle, schwarzer Turmalin, H\u00e4matit, Silber 925<br \/>\nSTEINGR\u00d6SSE: 4-18 mm<br \/>\nGEWICHT: 8,8 g<br \/>\nL\u00c4NGE: 6,3 cm<\/p>","protected":false},"excerpt":{"rendered":"<p>Elegantni uhani kolekcije Lungo, ki so narejeni iz razli\u010dnih kamnov in srebra 925. MATERIAL: rde\u010da Gobasta Korala, \u010drni Turmalin, Hematit, Srebro 925 VELIKOST KAMNOV: 4-18 mm TE\u017dA: 8.8 g DOL\u017dINA: 6.3 cm<\/p>","protected":false},"featured_media":26962,"template":"","meta":[],"product_brand":[],"product_cat":[52,42,276,1138,85,27,1144],"product_tag":[766,202,398,371],"class_list":{"0":"post-20313","1":"product","2":"type-product","3":"status-publish","4":"has-post-thumbnail","6":"product_cat-gobasta-korala","7":"product_cat-hematit","8":"product_cat-lungo-2","9":"product_cat-ogled-vseh-uhani","10":"product_cat-turmalin","11":"product_cat-uhani","12":"product_cat-uhani-lungo","13":"product_tag-crni-turmalin","14":"product_tag-hematit","15":"product_tag-rdeca-gobasta-korala","16":"product_tag-srebro-925","18":"first","19":"instock","20":"shipping-taxable","21":"purchasable","22":"product-type-simple"},"_links":{"self":[{"href":"https:\/\/moirai.si\/de\/wp-json\/wp\/v2\/product\/20313","targetHints":{"allow":["GET"]}}],"collection":[{"href":"https:\/\/moirai.si\/de\/wp-json\/wp\/v2\/product"}],"about":[{"href":"https:\/\/moirai.si\/de\/wp-json\/wp\/v2\/types\/product"}],"wp:featuredmedia":[{"embeddable":true,"href":"https:\/\/moirai.si\/de\/wp-json\/wp\/v2\/media\/26962"}],"wp:attachment":[{"href":"https:\/\/moirai.si\/de\/wp-json\/wp\/v2\/media?parent=20313"}],"wp:term":[{"taxonomy":"product_brand","embeddable":true,"href":"https:\/\/moirai.si\/de\/wp-json\/wp\/v2\/product_brand?post=20313"},{"taxonomy":"product_cat","embeddable":true,"href":"https:\/\/moirai.si\/de\/wp-json\/wp\/v2\/product_cat?post=20313"},{"taxonomy":"product_tag","embeddable":true,"href":"https:\/\/moirai.si\/de\/wp-json\/wp\/v2\/product_tag?post=20313"}],"curies":[{"name":"wp","href":"https:\/\/api.w.org\/{rel}","templated":true}]}}