{"id":20315,"date":"2021-10-13T12:21:18","date_gmt":"2021-10-13T12:21:18","guid":{"rendered":"https:\/\/moirai.si\/?post_type=product&#038;p=20315"},"modified":"2025-01-12T20:33:40","modified_gmt":"2025-01-12T20:33:40","slug":"lungo-mix-3","status":"publish","type":"product","link":"https:\/\/moirai.si\/de\/izdelek\/lungo-mix-3\/","title":{"rendered":"Lungo-Mix"},"content":{"rendered":"<p>Elegante Ohrringe aus der Lungo-Kollektion, hergestellt aus verschiedenen Steinen und 925er Silber. <\/p>\n<p>MATERIAL: rote Pilzkoralle, schwarzer Turmalin, Silber 925<br \/>\nSteingr\u00f6\u00dfe: 6-16 mm<br \/>\nGEWICHT: 12,8 g<br \/>\nL\u00c4NGE: 6 cm<\/p>","protected":false},"excerpt":{"rendered":"<p>Elegantni uhani kolekcije Lungo, ki so narejeni iz razli\u010dnih kamnov in srebra 925. MATERIAL: rde\u010da Gobasta Korala, \u010drni Turmalin, Srebro 925 VELIKOST KAMNOV: 6-16 mm TE\u017dA: 12.8 g DOL\u017dINA: 6 cm<\/p>","protected":false},"featured_media":20316,"template":"","meta":[],"product_brand":[],"product_cat":[52,276,1138,85,27,1144],"product_tag":[398,371,291],"class_list":{"0":"post-20315","1":"product","2":"type-product","3":"status-publish","4":"has-post-thumbnail","6":"product_cat-gobasta-korala","7":"product_cat-lungo-2","8":"product_cat-ogled-vseh-uhani","9":"product_cat-turmalin","10":"product_cat-uhani","11":"product_cat-uhani-lungo","12":"product_tag-rdeca-gobasta-korala","13":"product_tag-srebro-925","14":"product_tag-turmalin","16":"first","17":"instock","18":"shipping-taxable","19":"purchasable","20":"product-type-simple"},"_links":{"self":[{"href":"https:\/\/moirai.si\/de\/wp-json\/wp\/v2\/product\/20315","targetHints":{"allow":["GET"]}}],"collection":[{"href":"https:\/\/moirai.si\/de\/wp-json\/wp\/v2\/product"}],"about":[{"href":"https:\/\/moirai.si\/de\/wp-json\/wp\/v2\/types\/product"}],"wp:featuredmedia":[{"embeddable":true,"href":"https:\/\/moirai.si\/de\/wp-json\/wp\/v2\/media\/20316"}],"wp:attachment":[{"href":"https:\/\/moirai.si\/de\/wp-json\/wp\/v2\/media?parent=20315"}],"wp:term":[{"taxonomy":"product_brand","embeddable":true,"href":"https:\/\/moirai.si\/de\/wp-json\/wp\/v2\/product_brand?post=20315"},{"taxonomy":"product_cat","embeddable":true,"href":"https:\/\/moirai.si\/de\/wp-json\/wp\/v2\/product_cat?post=20315"},{"taxonomy":"product_tag","embeddable":true,"href":"https:\/\/moirai.si\/de\/wp-json\/wp\/v2\/product_tag?post=20315"}],"curies":[{"name":"wp","href":"https:\/\/api.w.org\/{rel}","templated":true}]}}