{"id":20366,"date":"2021-10-21T13:13:55","date_gmt":"2021-10-21T13:13:55","guid":{"rendered":"https:\/\/moirai.si\/?post_type=product&#038;p=20366"},"modified":"2025-01-12T19:42:44","modified_gmt":"2025-01-12T19:42:44","slug":"lungo-mix-8","status":"publish","type":"product","link":"https:\/\/moirai.si\/de\/izdelek\/lungo-mix-8\/","title":{"rendered":"Lungo-Mix"},"content":{"rendered":"<p>Einzigartige lange Halskette aus der Lungo-Kollektion, die aus verschiedenen Steinen besteht. Jeder Stein ist als einzelnes Glied in die Kette eingefasst (mit 925er Silberdraht befestigt).<\/p>\n<p>MATERIAL: Labradorit, Malachit, Schwarzer Turmalin, Unakit, Jade, 925 Silber<br \/>\nL\u00c4NGE: 76cm<br \/>\nGEWICHT: 24,9g<br \/>\nSteingr\u00f6\u00dfe: 6-8 mm<br \/>\nSchlie\u00dfe: 9 mm<\/p>","protected":false},"excerpt":{"rendered":"<p>Unikatna dolga ogrlica kolekcije Lungo, ki je narejena iz razli\u010dnih kamnov. Vsak kamen je vme\u0161\u010den v ogrlico kot posamezen \u010dlen (pritrjen s srebrno 925 \u017eico) MATERIAL: Labradorit, Malahit, \u010drni Turmalin, Unakit, \u017dad, srebro 925 DOL\u017dINA: 76cm TE\u017dA: 24.9g VELIKOST KAMNOV: 6-8 mm ZAPONKA: 9 mm<\/p>","protected":false},"featured_media":21583,"template":"","meta":[],"product_brand":[],"product_cat":[54,276,60,819,1136,85,751],"product_tag":[766,294,399,371,488,236],"class_list":{"0":"post-20366","1":"product","2":"type-product","3":"status-publish","4":"has-post-thumbnail","6":"product_cat-labradorit","7":"product_cat-lungo-2","8":"product_cat-malahit","9":"product_cat-od-70cm","10":"product_cat-ogled-vseh","11":"product_cat-turmalin","12":"product_cat-unakit","13":"product_tag-crni-turmalin","14":"product_tag-labradorit","15":"product_tag-malahit","16":"product_tag-srebro-925","17":"product_tag-unakit","18":"product_tag-zad","20":"first","21":"instock","22":"shipping-taxable","23":"purchasable","24":"product-type-simple"},"_links":{"self":[{"href":"https:\/\/moirai.si\/de\/wp-json\/wp\/v2\/product\/20366","targetHints":{"allow":["GET"]}}],"collection":[{"href":"https:\/\/moirai.si\/de\/wp-json\/wp\/v2\/product"}],"about":[{"href":"https:\/\/moirai.si\/de\/wp-json\/wp\/v2\/types\/product"}],"wp:featuredmedia":[{"embeddable":true,"href":"https:\/\/moirai.si\/de\/wp-json\/wp\/v2\/media\/21583"}],"wp:attachment":[{"href":"https:\/\/moirai.si\/de\/wp-json\/wp\/v2\/media?parent=20366"}],"wp:term":[{"taxonomy":"product_brand","embeddable":true,"href":"https:\/\/moirai.si\/de\/wp-json\/wp\/v2\/product_brand?post=20366"},{"taxonomy":"product_cat","embeddable":true,"href":"https:\/\/moirai.si\/de\/wp-json\/wp\/v2\/product_cat?post=20366"},{"taxonomy":"product_tag","embeddable":true,"href":"https:\/\/moirai.si\/de\/wp-json\/wp\/v2\/product_tag?post=20366"}],"curies":[{"name":"wp","href":"https:\/\/api.w.org\/{rel}","templated":true}]}}