{"id":20369,"date":"2021-10-21T13:15:54","date_gmt":"2021-10-21T13:15:54","guid":{"rendered":"https:\/\/moirai.si\/?post_type=product&#038;p=20369"},"modified":"2025-01-12T19:43:57","modified_gmt":"2025-01-12T19:43:57","slug":"lungo-mix-11","status":"publish","type":"product","link":"https:\/\/moirai.si\/de\/izdelek\/lungo-mix-11\/","title":{"rendered":"Lungo-Mix"},"content":{"rendered":"<p>Einzigartige lange Halskette aus der Lungo-Kollektion, die aus verschiedenen Steinen besteht. Jeder Stein ist als einzelnes Glied in die Kette eingefasst (mit 925er Silberdraht befestigt).<\/p>\n<p>MATERIAL: facettierter Achat, facettierter Onyx, Sterling Silber 925<br \/>\nL\u00c4NGE: 73cm<br \/>\nGEWICHT: 16,2 g<br \/>\nSteingr\u00f6\u00dfe: 6-8 mm<br \/>\nSchlie\u00dfe: 9 mm<\/p>","protected":false},"excerpt":{"rendered":"<p>Unikatna dolga ogrlica kolekcije Lungo, ki je narejena iz razli\u010dnih kamnov. Vsak kamen je vme\u0161\u010den v ogrlico kot posamezen \u010dlen (pritrjen s srebrno 925 \u017eico) MATERIAL: fasetiran Ahat, fasetiran Oniks, srebro 925 DOL\u017dINA: 73cm TE\u017dA: 16.2g VELIKOST KAMNOV: 6-8 mm ZAPONKA: 9 mm<\/p>","protected":false},"featured_media":21584,"template":"","meta":[],"product_brand":[],"product_cat":[30,276,819,1136,62],"product_tag":[319,293,371],"class_list":{"0":"post-20369","1":"product","2":"type-product","3":"status-publish","4":"has-post-thumbnail","6":"product_cat-ahat","7":"product_cat-lungo-2","8":"product_cat-od-70cm","9":"product_cat-ogled-vseh","10":"product_cat-oniks","11":"product_tag-fasetiran-ahat","12":"product_tag-fasetiran-oniks","13":"product_tag-srebro-925","15":"first","16":"instock","17":"shipping-taxable","18":"purchasable","19":"product-type-simple"},"_links":{"self":[{"href":"https:\/\/moirai.si\/de\/wp-json\/wp\/v2\/product\/20369","targetHints":{"allow":["GET"]}}],"collection":[{"href":"https:\/\/moirai.si\/de\/wp-json\/wp\/v2\/product"}],"about":[{"href":"https:\/\/moirai.si\/de\/wp-json\/wp\/v2\/types\/product"}],"wp:featuredmedia":[{"embeddable":true,"href":"https:\/\/moirai.si\/de\/wp-json\/wp\/v2\/media\/21584"}],"wp:attachment":[{"href":"https:\/\/moirai.si\/de\/wp-json\/wp\/v2\/media?parent=20369"}],"wp:term":[{"taxonomy":"product_brand","embeddable":true,"href":"https:\/\/moirai.si\/de\/wp-json\/wp\/v2\/product_brand?post=20369"},{"taxonomy":"product_cat","embeddable":true,"href":"https:\/\/moirai.si\/de\/wp-json\/wp\/v2\/product_cat?post=20369"},{"taxonomy":"product_tag","embeddable":true,"href":"https:\/\/moirai.si\/de\/wp-json\/wp\/v2\/product_tag?post=20369"}],"curies":[{"name":"wp","href":"https:\/\/api.w.org\/{rel}","templated":true}]}}