{"id":20465,"date":"2021-11-09T09:43:21","date_gmt":"2021-11-09T09:43:21","guid":{"rendered":"https:\/\/moirai.si\/?post_type=product&#038;p=20465"},"modified":"2025-01-13T14:38:44","modified_gmt":"2025-01-13T14:38:44","slug":"klassischer-mix-82","status":"publish","type":"product","link":"https:\/\/moirai.si\/de\/izdelek\/clasic-mix-82\/","title":{"rendered":"Klassischer Mix"},"content":{"rendered":"<p>Elegantes Armband aus der Clasic-Kollektion, bestehend aus verschiedenen Steinen und 925er-Silberelementen, aufgereiht auf einem weichen, aber stabilen Stahldraht und veredelt mit Silberelementen. <\/p>\n<p>MATERIAL: Schwarzer Obsidian, Goldobsidian, H\u00e4matit, Silber 925<br \/>\nL\u00c4NGE: 19 cm<br \/>\nGEWICHT: 14,6 g<br \/>\nSteingr\u00f6\u00dfe: 6-8 mm<br \/>\nSchlie\u00dfe: 9 mm<\/p>","protected":false},"excerpt":{"rendered":"<p>Elegantna zapestnica kolekcije Clasic, ki je narejena iz razli\u010dnih kamnov ter srebrnih 925 elementov, nizana na mehko, vendar mo\u010dno jekleno \u017eico in zaklju\u010dena s srebrnimi elementi. MATERIAL: \u010crni Obsidijan, Zlati Obsidijan, Hematit, Srebro 925 DOL\u017dINA: 19 cm TE\u017dA: 14.6 g VELIKOST KAMNOV: 6-8 mm ZAPONKA: 9 mm<\/p>","protected":false},"featured_media":20466,"template":"","meta":[],"product_brand":[],"product_cat":[208,42,63,821,822,1137],"product_tag":[868,371,991],"class_list":{"0":"post-20465","1":"product","2":"type-product","3":"status-publish","4":"has-post-thumbnail","6":"product_cat-clasic","7":"product_cat-hematit","8":"product_cat-obsidijan","9":"product_cat-od-18-do-19cm","10":"product_cat-od-19-do-20cm","11":"product_cat-ogled-vseh-zapestnice-2","12":"product_tag-crni-obsidijan","13":"product_tag-srebro-925","14":"product_tag-zlati-obsidijan-hematit","16":"first","17":"instock","18":"shipping-taxable","19":"purchasable","20":"product-type-simple"},"_links":{"self":[{"href":"https:\/\/moirai.si\/de\/wp-json\/wp\/v2\/product\/20465","targetHints":{"allow":["GET"]}}],"collection":[{"href":"https:\/\/moirai.si\/de\/wp-json\/wp\/v2\/product"}],"about":[{"href":"https:\/\/moirai.si\/de\/wp-json\/wp\/v2\/types\/product"}],"wp:featuredmedia":[{"embeddable":true,"href":"https:\/\/moirai.si\/de\/wp-json\/wp\/v2\/media\/20466"}],"wp:attachment":[{"href":"https:\/\/moirai.si\/de\/wp-json\/wp\/v2\/media?parent=20465"}],"wp:term":[{"taxonomy":"product_brand","embeddable":true,"href":"https:\/\/moirai.si\/de\/wp-json\/wp\/v2\/product_brand?post=20465"},{"taxonomy":"product_cat","embeddable":true,"href":"https:\/\/moirai.si\/de\/wp-json\/wp\/v2\/product_cat?post=20465"},{"taxonomy":"product_tag","embeddable":true,"href":"https:\/\/moirai.si\/de\/wp-json\/wp\/v2\/product_tag?post=20465"}],"curies":[{"name":"wp","href":"https:\/\/api.w.org\/{rel}","templated":true}]}}