{"id":20572,"date":"2021-12-13T12:02:09","date_gmt":"2021-12-13T12:02:09","guid":{"rendered":"https:\/\/moirai.si\/?post_type=product&#038;p=20572"},"modified":"2026-03-26T12:42:49","modified_gmt":"2026-03-26T12:42:49","slug":"kvarc-beli","status":"publish","type":"product","link":"https:\/\/moirai.si\/de\/izdelek\/kvarc-beli\/","title":{"rendered":"Wei\u00dfer Quarz"},"content":{"rendered":"<p>\u010cudovit kos spoliranega belega Kvarca (Brazilija), primeren kot zdravilni ro\u010dni kamen ali kot darilo za va\u0161e najbli\u017enje. <\/p>\n<p>MATERIAL: Beli Kvarc (Mle\u010dni Kvarc, Sne\u017eni Kvarc)<br \/>\nDIMENZIJE: 2-4cm<br \/>\nTE\u017dA:\t5-20 g<\/p>","protected":false},"excerpt":{"rendered":"<p>\u010cudovit kos spoliranega belega Kvarca (Brazilija), primeren kot zdravilni ro\u010dni kamen ali kot darilo za va\u0161e najbli\u017enje. MATERIAL: Beli Kvarc (Mle\u010dni Kvarc, Sne\u017eni Kvarc) DIMENZIJE: 2-4cm TE\u017dA: 5-20 g<\/p>","protected":false},"featured_media":25710,"template":"","meta":[],"product_brand":[],"product_cat":[848,753],"product_tag":[936,994,995],"class_list":{"0":"post-20572","1":"product","2":"type-product","3":"status-publish","4":"has-post-thumbnail","6":"product_cat-kvarc","7":"product_cat-rocni-kamni","8":"product_tag-beli-kvarc","9":"product_tag-mlecni-kvarc","10":"product_tag-snezni-kvarc","12":"first","13":"instock","14":"shipping-taxable","15":"purchasable","16":"product-type-simple"},"_links":{"self":[{"href":"https:\/\/moirai.si\/de\/wp-json\/wp\/v2\/product\/20572","targetHints":{"allow":["GET"]}}],"collection":[{"href":"https:\/\/moirai.si\/de\/wp-json\/wp\/v2\/product"}],"about":[{"href":"https:\/\/moirai.si\/de\/wp-json\/wp\/v2\/types\/product"}],"wp:featuredmedia":[{"embeddable":true,"href":"https:\/\/moirai.si\/de\/wp-json\/wp\/v2\/media\/25710"}],"wp:attachment":[{"href":"https:\/\/moirai.si\/de\/wp-json\/wp\/v2\/media?parent=20572"}],"wp:term":[{"taxonomy":"product_brand","embeddable":true,"href":"https:\/\/moirai.si\/de\/wp-json\/wp\/v2\/product_brand?post=20572"},{"taxonomy":"product_cat","embeddable":true,"href":"https:\/\/moirai.si\/de\/wp-json\/wp\/v2\/product_cat?post=20572"},{"taxonomy":"product_tag","embeddable":true,"href":"https:\/\/moirai.si\/de\/wp-json\/wp\/v2\/product_tag?post=20572"}],"curies":[{"name":"wp","href":"https:\/\/api.w.org\/{rel}","templated":true}]}}