{"id":20633,"date":"2021-12-21T11:09:10","date_gmt":"2021-12-21T11:09:10","guid":{"rendered":"https:\/\/moirai.si\/?post_type=product&#038;p=20633"},"modified":"2025-01-13T14:38:12","modified_gmt":"2025-01-13T14:38:12","slug":"clasic-kvarc-dimni-2","status":"publish","type":"product","link":"https:\/\/moirai.si\/de\/izdelek\/clasic-kvarc-dimni-2\/","title":{"rendered":"Clasic Quarz-Rauch"},"content":{"rendered":"<p>Elegantna zapestnica kolekcije Clasic, ki je narejena iz Dimnega Kvarca ter srebrnih 925 elementov, nizana na mehko, vendar mo\u010dno jekleno \u017eico in zaklju\u010dena s srebrnimi elementi. <\/p>\n<p>MATERIAL: Rauchquarz, Sterling Silber 925<br \/>\nDOL\u017dINA:  prilagodljiva 17-19.5 cm<br \/>\nGEWICHT: 13,8 g<br \/>\nSteingr\u00f6\u00dfe: 6-8 mm<br \/>\nSchlie\u00dfe: 9 mm<\/p>","protected":false},"excerpt":{"rendered":"<p>Elegantna zapestnica kolekcije Clasic, ki je narejena iz Dimnega Kvarca ter srebrnih 925 elementov, nizana na mehko, vendar mo\u010dno jekleno \u017eico in zaklju\u010dena s srebrnimi elementi. MATERIAL: Dimni Kvarc, Srebro 925 DOL\u017dINA: prilagodljiva 17-19.5 cm TE\u017dA: 13.8 g VELIKOST KAMNOV: 6-8 mm ZAPONKA: 9 mm<\/p>","protected":false},"featured_media":20634,"template":"","meta":[],"product_brand":[],"product_cat":[208,820,848,821,822,823,1137],"product_tag":[365,371],"class_list":{"0":"post-20633","1":"product","2":"type-product","3":"status-publish","4":"has-post-thumbnail","6":"product_cat-clasic","7":"product_cat-do-18cm","8":"product_cat-kvarc","9":"product_cat-od-18-do-19cm","10":"product_cat-od-19-do-20cm","11":"product_cat-od-20cm","12":"product_cat-ogled-vseh-zapestnice-2","13":"product_tag-dimni-kvarc","14":"product_tag-srebro-925","16":"first","17":"instock","18":"shipping-taxable","19":"purchasable","20":"product-type-simple"},"_links":{"self":[{"href":"https:\/\/moirai.si\/de\/wp-json\/wp\/v2\/product\/20633","targetHints":{"allow":["GET"]}}],"collection":[{"href":"https:\/\/moirai.si\/de\/wp-json\/wp\/v2\/product"}],"about":[{"href":"https:\/\/moirai.si\/de\/wp-json\/wp\/v2\/types\/product"}],"wp:featuredmedia":[{"embeddable":true,"href":"https:\/\/moirai.si\/de\/wp-json\/wp\/v2\/media\/20634"}],"wp:attachment":[{"href":"https:\/\/moirai.si\/de\/wp-json\/wp\/v2\/media?parent=20633"}],"wp:term":[{"taxonomy":"product_brand","embeddable":true,"href":"https:\/\/moirai.si\/de\/wp-json\/wp\/v2\/product_brand?post=20633"},{"taxonomy":"product_cat","embeddable":true,"href":"https:\/\/moirai.si\/de\/wp-json\/wp\/v2\/product_cat?post=20633"},{"taxonomy":"product_tag","embeddable":true,"href":"https:\/\/moirai.si\/de\/wp-json\/wp\/v2\/product_tag?post=20633"}],"curies":[{"name":"wp","href":"https:\/\/api.w.org\/{rel}","templated":true}]}}