{"id":20639,"date":"2021-12-21T11:13:26","date_gmt":"2021-12-21T11:13:26","guid":{"rendered":"https:\/\/moirai.si\/?post_type=product&#038;p=20639"},"modified":"2025-01-13T14:37:34","modified_gmt":"2025-01-13T14:37:34","slug":"clasic-oniks-8","status":"publish","type":"product","link":"https:\/\/moirai.si\/de\/izdelek\/clasic-oniks-8\/","title":{"rendered":"Clasic Onyx"},"content":{"rendered":"<p>Elegantna zapestnica kolekcije Clasic, ki je narejena iz fasetiranega Oniksa. Zapestnica je nizana na mehko, vendar mo\u010dno jekleno \u017eico.<\/p>\n<p>MATERIAL: facettierter Onyx, 925er Silber<br \/>\nDOL\u017dINA:  prilagodljiva 18-20,5 cm<br \/>\nGEWICHT: 29,2 g<br \/>\nSteingr\u00f6\u00dfe: 6-10 mm<br \/>\nSchlie\u00dfe: 9 mm<\/p>","protected":false},"excerpt":{"rendered":"<p>Elegantna zapestnica kolekcije Clasic, ki je narejena iz fasetiranega Oniksa. Zapestnica je nizana na mehko, vendar mo\u010dno jekleno \u017eico. MATERIAL: fasetiran Oniks, Srebro 925 DOL\u017dINA: prilagodljiva 18-20,5 cm TE\u017dA: 29.2 g VELIKOST KAMNOV: 6-10 mm ZAPONKA: 9 mm<\/p>","protected":false},"featured_media":24986,"template":"","meta":[],"product_brand":[],"product_cat":[208,820,821,822,823,1137,62],"product_tag":[293,371],"class_list":{"0":"post-20639","1":"product","2":"type-product","3":"status-publish","4":"has-post-thumbnail","6":"product_cat-clasic","7":"product_cat-do-18cm","8":"product_cat-od-18-do-19cm","9":"product_cat-od-19-do-20cm","10":"product_cat-od-20cm","11":"product_cat-ogled-vseh-zapestnice-2","12":"product_cat-oniks","13":"product_tag-fasetiran-oniks","14":"product_tag-srebro-925","16":"first","17":"instock","18":"shipping-taxable","19":"purchasable","20":"product-type-simple"},"_links":{"self":[{"href":"https:\/\/moirai.si\/de\/wp-json\/wp\/v2\/product\/20639","targetHints":{"allow":["GET"]}}],"collection":[{"href":"https:\/\/moirai.si\/de\/wp-json\/wp\/v2\/product"}],"about":[{"href":"https:\/\/moirai.si\/de\/wp-json\/wp\/v2\/types\/product"}],"wp:featuredmedia":[{"embeddable":true,"href":"https:\/\/moirai.si\/de\/wp-json\/wp\/v2\/media\/24986"}],"wp:attachment":[{"href":"https:\/\/moirai.si\/de\/wp-json\/wp\/v2\/media?parent=20639"}],"wp:term":[{"taxonomy":"product_brand","embeddable":true,"href":"https:\/\/moirai.si\/de\/wp-json\/wp\/v2\/product_brand?post=20639"},{"taxonomy":"product_cat","embeddable":true,"href":"https:\/\/moirai.si\/de\/wp-json\/wp\/v2\/product_cat?post=20639"},{"taxonomy":"product_tag","embeddable":true,"href":"https:\/\/moirai.si\/de\/wp-json\/wp\/v2\/product_tag?post=20639"}],"curies":[{"name":"wp","href":"https:\/\/api.w.org\/{rel}","templated":true}]}}