{"id":20655,"date":"2021-12-21T11:24:14","date_gmt":"2021-12-21T11:24:14","guid":{"rendered":"https:\/\/moirai.si\/?post_type=product&#038;p=20655"},"modified":"2025-01-13T14:36:30","modified_gmt":"2025-01-13T14:36:30","slug":"argo-turkis","status":"publish","type":"product","link":"https:\/\/moirai.si\/de\/izdelek\/argo-turkiz\/","title":{"rendered":"Argo Turkis"},"content":{"rendered":"<p>Elegantes Armband aus der Argo-Kollektion, hergestellt aus T\u00fcrkis. Das Armband ist auf einem weichen, aber starken Stahldraht aufgereiht.<\/p>\n<p>MATERIAL: T\u00fcrkis, rhodiniertes 925er Silber<br \/>\nL\u00c4NGE: einstellbar 20-22,5 cm<br \/>\nGEWICHT: 42,1 g<br \/>\nSteingr\u00f6\u00dfe: 6-30 mm<br \/>\nSchlie\u00dfe: 9 mm<\/p>","protected":false},"excerpt":{"rendered":"<p>Elegantna zapestnica kolekcije Argo, ki je narejena iz Turkiza. Zapestnica je nizana na mehko, vendar mo\u010dno jekleno \u017eico. MATERIAL: Turkiz, rodinirano Srebro 925 DOL\u017dINA: prilagodljiva 20-22,5 cm TE\u017dA: 42,1 g VELIKOST KAMNOV: 6-30 mm ZAPONKA: 9 mm<\/p>","protected":false},"featured_media":24997,"template":"","meta":[],"product_brand":[],"product_cat":[191,822,823,1137,82],"product_tag":[637,223],"class_list":{"0":"post-20655","1":"product","2":"type-product","3":"status-publish","4":"has-post-thumbnail","6":"product_cat-argo","7":"product_cat-od-19-do-20cm","8":"product_cat-od-20cm","9":"product_cat-ogled-vseh-zapestnice-2","10":"product_cat-turkiz","11":"product_tag-rodinirano-srebro-925","12":"product_tag-turkiz","14":"first","15":"instock","16":"shipping-taxable","17":"purchasable","18":"product-type-simple"},"_links":{"self":[{"href":"https:\/\/moirai.si\/de\/wp-json\/wp\/v2\/product\/20655","targetHints":{"allow":["GET"]}}],"collection":[{"href":"https:\/\/moirai.si\/de\/wp-json\/wp\/v2\/product"}],"about":[{"href":"https:\/\/moirai.si\/de\/wp-json\/wp\/v2\/types\/product"}],"wp:featuredmedia":[{"embeddable":true,"href":"https:\/\/moirai.si\/de\/wp-json\/wp\/v2\/media\/24997"}],"wp:attachment":[{"href":"https:\/\/moirai.si\/de\/wp-json\/wp\/v2\/media?parent=20655"}],"wp:term":[{"taxonomy":"product_brand","embeddable":true,"href":"https:\/\/moirai.si\/de\/wp-json\/wp\/v2\/product_brand?post=20655"},{"taxonomy":"product_cat","embeddable":true,"href":"https:\/\/moirai.si\/de\/wp-json\/wp\/v2\/product_cat?post=20655"},{"taxonomy":"product_tag","embeddable":true,"href":"https:\/\/moirai.si\/de\/wp-json\/wp\/v2\/product_tag?post=20655"}],"curies":[{"name":"wp","href":"https:\/\/api.w.org\/{rel}","templated":true}]}}