{"id":20688,"date":"2021-12-31T12:03:40","date_gmt":"2021-12-31T12:03:40","guid":{"rendered":"https:\/\/moirai.si\/?post_type=product&#038;p=20688"},"modified":"2025-01-13T14:35:02","modified_gmt":"2025-01-13T14:35:02","slug":"clasic-oniks-9","status":"publish","type":"product","link":"https:\/\/moirai.si\/de\/izdelek\/clasic-oniks-9\/","title":{"rendered":"Clasic Onyx"},"content":{"rendered":"<p>Elegantna zapestnica kolekcije Clasic, ki je narejena iz Oniksa. Zapestnica je nizana na mehko, vendar mo\u010dno jekleno \u017eico in zaklju\u010dena s srebrnimi elementi. <\/p>\n<p>MATERIAL: Onyx, Sterling Silber 925<br \/>\nL\u00c4NGE: einstellbar 17-19,5 cm<br \/>\nGEWICHT: 9 g<br \/>\nSTEINGR\u00d6SSE: 6 mm<br \/>\nSchlie\u00dfe: 9 mm<\/p>","protected":false},"excerpt":{"rendered":"<p>Elegantna zapestnica kolekcije Clasic, ki je narejena iz Oniksa. Zapestnica je nizana na mehko, vendar mo\u010dno jekleno \u017eico in zaklju\u010dena s srebrnimi elementi. MATERIAL: Oniks, Srebro 925 DOL\u017dINA: prilagodljiva 17-19.5 cm TE\u017dA: 9 g VELIKOST KAMNOV: 6 mm ZAPONKA: 9 mm<\/p>","protected":false},"featured_media":20689,"template":"","meta":[],"product_brand":[],"product_cat":[208,820,821,822,1137,62],"product_tag":[206,371],"class_list":{"0":"post-20688","1":"product","2":"type-product","3":"status-publish","4":"has-post-thumbnail","6":"product_cat-clasic","7":"product_cat-do-18cm","8":"product_cat-od-18-do-19cm","9":"product_cat-od-19-do-20cm","10":"product_cat-ogled-vseh-zapestnice-2","11":"product_cat-oniks","12":"product_tag-oniks","13":"product_tag-srebro-925","15":"first","16":"instock","17":"shipping-taxable","18":"purchasable","19":"product-type-simple"},"_links":{"self":[{"href":"https:\/\/moirai.si\/de\/wp-json\/wp\/v2\/product\/20688","targetHints":{"allow":["GET"]}}],"collection":[{"href":"https:\/\/moirai.si\/de\/wp-json\/wp\/v2\/product"}],"about":[{"href":"https:\/\/moirai.si\/de\/wp-json\/wp\/v2\/types\/product"}],"wp:featuredmedia":[{"embeddable":true,"href":"https:\/\/moirai.si\/de\/wp-json\/wp\/v2\/media\/20689"}],"wp:attachment":[{"href":"https:\/\/moirai.si\/de\/wp-json\/wp\/v2\/media?parent=20688"}],"wp:term":[{"taxonomy":"product_brand","embeddable":true,"href":"https:\/\/moirai.si\/de\/wp-json\/wp\/v2\/product_brand?post=20688"},{"taxonomy":"product_cat","embeddable":true,"href":"https:\/\/moirai.si\/de\/wp-json\/wp\/v2\/product_cat?post=20688"},{"taxonomy":"product_tag","embeddable":true,"href":"https:\/\/moirai.si\/de\/wp-json\/wp\/v2\/product_tag?post=20688"}],"curies":[{"name":"wp","href":"https:\/\/api.w.org\/{rel}","templated":true}]}}