{"id":20696,"date":"2021-12-31T12:08:38","date_gmt":"2021-12-31T12:08:38","guid":{"rendered":"https:\/\/moirai.si\/?post_type=product&#038;p=20696"},"modified":"2025-09-21T15:50:37","modified_gmt":"2025-09-21T15:50:37","slug":"clasic-obsidijan-crni","status":"publish","type":"product","link":"https:\/\/moirai.si\/de\/izdelek\/clasic-obsidijan-crni\/","title":{"rendered":"Clasic Obsidian Schwarz"},"content":{"rendered":"<p>Elegantes Armband aus der Clasic-Kollektion aus schwarzem Obsidian und rhodiniertem 925er Silber. Das Armband ist auf einem weichen, aber stabilen Stahldraht aufgezogen und mit Silberelementen verziert. <\/p>\n<p>MATERIAL: \u010drni Obsidijan, rodinirano Srebro 925<br \/>\nL\u00c4NGE: einstellbar 17-19,5 cm<br \/>\nGEWICHT: 8,1 g<br \/>\nSTEINGR\u00d6SSE: 6 mm<br \/>\nSchlie\u00dfe: 9 mm<\/p>","protected":false},"excerpt":{"rendered":"<p>Elegantna zapestnica kolekcije Clasic, ki je narejena iz \u010drnega Obsidijana in rodiniranega srebra 925. Zapestnica je nizana na mehko, vendar mo\u010dno jekleno \u017eico in zaklju\u010dena s srebrnimi elementi. MATERIAL: \u010drni Obsidijan, rodinirano Srebro 925 DOL\u017dINA: prilagodljiva 17-19.5 cm TE\u017dA: 8.1 g VELIKOST KAMNOV: 6 mm ZAPONKA: 9 mm<\/p>","protected":false},"featured_media":24115,"template":"","meta":[],"product_brand":[],"product_cat":[208,820,63,821,822,1137],"product_tag":[868,637],"class_list":{"0":"post-20696","1":"product","2":"type-product","3":"status-publish","4":"has-post-thumbnail","6":"product_cat-clasic","7":"product_cat-do-18cm","8":"product_cat-obsidijan","9":"product_cat-od-18-do-19cm","10":"product_cat-od-19-do-20cm","11":"product_cat-ogled-vseh-zapestnice-2","12":"product_tag-crni-obsidijan","13":"product_tag-rodinirano-srebro-925","15":"first","16":"outofstock","17":"shipping-taxable","18":"purchasable","19":"product-type-simple"},"_links":{"self":[{"href":"https:\/\/moirai.si\/de\/wp-json\/wp\/v2\/product\/20696","targetHints":{"allow":["GET"]}}],"collection":[{"href":"https:\/\/moirai.si\/de\/wp-json\/wp\/v2\/product"}],"about":[{"href":"https:\/\/moirai.si\/de\/wp-json\/wp\/v2\/types\/product"}],"wp:featuredmedia":[{"embeddable":true,"href":"https:\/\/moirai.si\/de\/wp-json\/wp\/v2\/media\/24115"}],"wp:attachment":[{"href":"https:\/\/moirai.si\/de\/wp-json\/wp\/v2\/media?parent=20696"}],"wp:term":[{"taxonomy":"product_brand","embeddable":true,"href":"https:\/\/moirai.si\/de\/wp-json\/wp\/v2\/product_brand?post=20696"},{"taxonomy":"product_cat","embeddable":true,"href":"https:\/\/moirai.si\/de\/wp-json\/wp\/v2\/product_cat?post=20696"},{"taxonomy":"product_tag","embeddable":true,"href":"https:\/\/moirai.si\/de\/wp-json\/wp\/v2\/product_tag?post=20696"}],"curies":[{"name":"wp","href":"https:\/\/api.w.org\/{rel}","templated":true}]}}