{"id":20799,"date":"2022-01-04T11:27:57","date_gmt":"2022-01-04T11:27:57","guid":{"rendered":"https:\/\/moirai.si\/?post_type=product&#038;p=20799"},"modified":"2026-02-02T09:48:38","modified_gmt":"2026-02-02T09:48:38","slug":"hamatit-pendel","status":"publish","type":"product","link":"https:\/\/moirai.si\/de\/izdelek\/nihalo-hematit\/","title":{"rendered":"Pendel-H\u00e4matit"},"content":{"rendered":"<p>H\u00e4matit-Pendel an einer versilberten Kette, mit einer Steinzelle f\u00fcr den einfachen Gebrauch versehen. Die Abbildung ist symbolisch. Geringe Abweichungen in Farbe, Gewicht und Form sind m\u00f6glich.<\/p>\n<p>Weitere Informationen: <a href=\"https:\/\/moirai.si\/de\/hamatit\/\" target=\"_blank\" rel=\"noopener noreferrer\">H\u00e4matit<\/a><\/p>\n<p>MATERIAL: H\u00e4matit<br \/>\nGEWICHT: 10-25 g<br \/>\nSTEINGR\u00d6SSE: 3-5 cm<\/p>","protected":false},"excerpt":{"rendered":"<p>Nihalo iz Hematita na posrebreni veri\u017eici, zaklju\u010deno z bunkico iz kamna za preprosto uporabo. Slika je simboli\u010dna. Mo\u017ena so manj\u0161a odstopanja v barvi, te\u017ei in obliki. Ve\u010d informacij: Hematit MATERIAL: Hematit TE\u017dA: 10-25 g VELIKOST KAMNOV: 3-5 cm<\/p>","protected":false},"featured_media":20800,"template":"","meta":[],"product_brand":[],"product_cat":[42,754],"product_tag":[998],"class_list":{"0":"post-20799","1":"product","2":"type-product","3":"status-publish","4":"has-post-thumbnail","6":"product_cat-hematit","7":"product_cat-nihala","8":"product_tag-nihalo-hematit","10":"first","11":"instock","12":"shipping-taxable","13":"purchasable","14":"product-type-simple"},"_links":{"self":[{"href":"https:\/\/moirai.si\/de\/wp-json\/wp\/v2\/product\/20799","targetHints":{"allow":["GET"]}}],"collection":[{"href":"https:\/\/moirai.si\/de\/wp-json\/wp\/v2\/product"}],"about":[{"href":"https:\/\/moirai.si\/de\/wp-json\/wp\/v2\/types\/product"}],"wp:featuredmedia":[{"embeddable":true,"href":"https:\/\/moirai.si\/de\/wp-json\/wp\/v2\/media\/20800"}],"wp:attachment":[{"href":"https:\/\/moirai.si\/de\/wp-json\/wp\/v2\/media?parent=20799"}],"wp:term":[{"taxonomy":"product_brand","embeddable":true,"href":"https:\/\/moirai.si\/de\/wp-json\/wp\/v2\/product_brand?post=20799"},{"taxonomy":"product_cat","embeddable":true,"href":"https:\/\/moirai.si\/de\/wp-json\/wp\/v2\/product_cat?post=20799"},{"taxonomy":"product_tag","embeddable":true,"href":"https:\/\/moirai.si\/de\/wp-json\/wp\/v2\/product_tag?post=20799"}],"curies":[{"name":"wp","href":"https:\/\/api.w.org\/{rel}","templated":true}]}}