{"id":20835,"date":"2022-01-06T16:16:17","date_gmt":"2022-01-06T16:16:17","guid":{"rendered":"https:\/\/moirai.si\/?post_type=product&#038;p=20835"},"modified":"2026-03-26T12:35:19","modified_gmt":"2026-03-26T12:35:19","slug":"konopljina-vrvica-1m-roza-1-8-mm","status":"publish","type":"product","link":"https:\/\/moirai.si\/de\/izdelek\/konopljina-vrvica-1m-roza-1-8-mm\/","title":{"rendered":"Hanfschnur 1m rosa (1,8 mm)"},"content":{"rendered":"<p>Izredno mehka povo\u0161\u010dena konopljina vrvica v roza barvi.<\/p>\n<p>MATERIAL: roza povo\u0161\u010dena konoplja (roza trak iz konoplje)<br \/>\nGEWICHT:1,7 g<br \/>\nL\u00c4NGE: 100 cm<br \/>\nBREITE: 1,8 mm <\/p>","protected":false},"excerpt":{"rendered":"<p>Izredno mehka povo\u0161\u010dena konopljina vrvica v roza barvi. MATERIAL: roza povo\u0161\u010dena konoplja (roza trak iz konoplje) TE\u017dA:1.7 g DOL\u017dINA: 100 cm \u0160IRINA: 1.8 mm<\/p>","protected":false},"featured_media":20836,"template":"","meta":[],"product_brand":[],"product_cat":[911],"product_tag":[1032],"class_list":{"0":"post-20835","1":"product","2":"type-product","3":"status-publish","4":"has-post-thumbnail","6":"product_cat-verizice-in-vrvice","7":"product_tag-roza-povoscena-konoplja-roza-trak-iz-konoplje","9":"first","10":"instock","11":"shipping-taxable","12":"purchasable","13":"product-type-simple"},"_links":{"self":[{"href":"https:\/\/moirai.si\/de\/wp-json\/wp\/v2\/product\/20835","targetHints":{"allow":["GET"]}}],"collection":[{"href":"https:\/\/moirai.si\/de\/wp-json\/wp\/v2\/product"}],"about":[{"href":"https:\/\/moirai.si\/de\/wp-json\/wp\/v2\/types\/product"}],"wp:featuredmedia":[{"embeddable":true,"href":"https:\/\/moirai.si\/de\/wp-json\/wp\/v2\/media\/20836"}],"wp:attachment":[{"href":"https:\/\/moirai.si\/de\/wp-json\/wp\/v2\/media?parent=20835"}],"wp:term":[{"taxonomy":"product_brand","embeddable":true,"href":"https:\/\/moirai.si\/de\/wp-json\/wp\/v2\/product_brand?post=20835"},{"taxonomy":"product_cat","embeddable":true,"href":"https:\/\/moirai.si\/de\/wp-json\/wp\/v2\/product_cat?post=20835"},{"taxonomy":"product_tag","embeddable":true,"href":"https:\/\/moirai.si\/de\/wp-json\/wp\/v2\/product_tag?post=20835"}],"curies":[{"name":"wp","href":"https:\/\/api.w.org\/{rel}","templated":true}]}}