{"id":20837,"date":"2022-01-06T16:20:25","date_gmt":"2022-01-06T16:20:25","guid":{"rendered":"https:\/\/moirai.si\/?post_type=product&#038;p=20837"},"modified":"2026-03-26T12:35:29","modified_gmt":"2026-03-26T12:35:29","slug":"konopljina-vrvica-1m-vijolicna-1-8-mm","status":"publish","type":"product","link":"https:\/\/moirai.si\/de\/izdelek\/konopljina-vrvica-1m-vijolicna-1-8-mm\/","title":{"rendered":"Hanfschnur 1m lila (1,8 mm)"},"content":{"rendered":"<p>Izredno mehka povo\u0161\u010dena konopljina vrvica v vijoli\u010dni barvi.<\/p>\n<p>MATERIAL: vijoli\u010dna (lila) povo\u0161\u010dena konoplja (vijoli\u010den (lila) trak iz konoplje)<br \/>\nGEWICHT:1,7 g<br \/>\nL\u00c4NGE: 100 cm<br \/>\nBREITE: 1,8 mm <\/p>","protected":false},"excerpt":{"rendered":"<p>Izredno mehka povo\u0161\u010dena konopljina vrvica v vijoli\u010dni barvi. MATERIAL: vijoli\u010dna (lila) povo\u0161\u010dena konoplja (vijoli\u010den (lila) trak iz konoplje) TE\u017dA:1.7 g DOL\u017dINA: 100 cm \u0160IRINA: 1.8 mm<\/p>","protected":false},"featured_media":20838,"template":"","meta":[],"product_brand":[],"product_cat":[911],"product_tag":[1035],"class_list":{"0":"post-20837","1":"product","2":"type-product","3":"status-publish","4":"has-post-thumbnail","6":"product_cat-verizice-in-vrvice","7":"product_tag-vijolicna-lila-povoscena-konoplja-vijolicen-lila-trak-iz-konoplje","9":"first","10":"instock","11":"shipping-taxable","12":"purchasable","13":"product-type-simple"},"_links":{"self":[{"href":"https:\/\/moirai.si\/de\/wp-json\/wp\/v2\/product\/20837","targetHints":{"allow":["GET"]}}],"collection":[{"href":"https:\/\/moirai.si\/de\/wp-json\/wp\/v2\/product"}],"about":[{"href":"https:\/\/moirai.si\/de\/wp-json\/wp\/v2\/types\/product"}],"wp:featuredmedia":[{"embeddable":true,"href":"https:\/\/moirai.si\/de\/wp-json\/wp\/v2\/media\/20838"}],"wp:attachment":[{"href":"https:\/\/moirai.si\/de\/wp-json\/wp\/v2\/media?parent=20837"}],"wp:term":[{"taxonomy":"product_brand","embeddable":true,"href":"https:\/\/moirai.si\/de\/wp-json\/wp\/v2\/product_brand?post=20837"},{"taxonomy":"product_cat","embeddable":true,"href":"https:\/\/moirai.si\/de\/wp-json\/wp\/v2\/product_cat?post=20837"},{"taxonomy":"product_tag","embeddable":true,"href":"https:\/\/moirai.si\/de\/wp-json\/wp\/v2\/product_tag?post=20837"}],"curies":[{"name":"wp","href":"https:\/\/api.w.org\/{rel}","templated":true}]}}