{"id":20841,"date":"2022-01-06T16:27:36","date_gmt":"2022-01-06T16:27:36","guid":{"rendered":"https:\/\/moirai.si\/?post_type=product&#038;p=20841"},"modified":"2026-03-26T12:35:50","modified_gmt":"2026-03-26T12:35:50","slug":"konopljina-vrvica-1m-rjava-1-8-mm","status":"publish","type":"product","link":"https:\/\/moirai.si\/de\/izdelek\/konopljina-vrvica-1m-rjava-1-8-mm\/","title":{"rendered":"Hanfschnur 1m braun (1,8 mm)"},"content":{"rendered":"<p>Izredno mehka povo\u0161\u010dena konopljina vrvica v rjavi barvi.<\/p>\n<p>MATERIAL: rjava povo\u0161\u010dena konoplja (rjav trak iz konoplje)<br \/>\nGEWICHT:1,7 g<br \/>\nL\u00c4NGE: 100 cm<br \/>\nBREITE: 1,8 mm <\/p>","protected":false},"excerpt":{"rendered":"<p>Izredno mehka povo\u0161\u010dena konopljina vrvica v rjavi barvi. MATERIAL: rjava povo\u0161\u010dena konoplja (rjav trak iz konoplje) TE\u017dA:1.7 g DOL\u017dINA: 100 cm \u0160IRINA: 1.8 mm<\/p>","protected":false},"featured_media":20842,"template":"","meta":[],"product_brand":[],"product_cat":[911],"product_tag":[1031],"class_list":{"0":"post-20841","1":"product","2":"type-product","3":"status-publish","4":"has-post-thumbnail","6":"product_cat-verizice-in-vrvice","7":"product_tag-rjava-povoscena-konoplja-rjav-trak-iz-konoplje","9":"first","10":"instock","11":"shipping-taxable","12":"purchasable","13":"product-type-simple"},"_links":{"self":[{"href":"https:\/\/moirai.si\/de\/wp-json\/wp\/v2\/product\/20841","targetHints":{"allow":["GET"]}}],"collection":[{"href":"https:\/\/moirai.si\/de\/wp-json\/wp\/v2\/product"}],"about":[{"href":"https:\/\/moirai.si\/de\/wp-json\/wp\/v2\/types\/product"}],"wp:featuredmedia":[{"embeddable":true,"href":"https:\/\/moirai.si\/de\/wp-json\/wp\/v2\/media\/20842"}],"wp:attachment":[{"href":"https:\/\/moirai.si\/de\/wp-json\/wp\/v2\/media?parent=20841"}],"wp:term":[{"taxonomy":"product_brand","embeddable":true,"href":"https:\/\/moirai.si\/de\/wp-json\/wp\/v2\/product_brand?post=20841"},{"taxonomy":"product_cat","embeddable":true,"href":"https:\/\/moirai.si\/de\/wp-json\/wp\/v2\/product_cat?post=20841"},{"taxonomy":"product_tag","embeddable":true,"href":"https:\/\/moirai.si\/de\/wp-json\/wp\/v2\/product_tag?post=20841"}],"curies":[{"name":"wp","href":"https:\/\/api.w.org\/{rel}","templated":true}]}}