{"id":20845,"date":"2022-01-06T16:53:45","date_gmt":"2022-01-06T16:53:45","guid":{"rendered":"https:\/\/moirai.si\/?post_type=product&#038;p=20845"},"modified":"2025-05-08T14:09:58","modified_gmt":"2025-05-08T14:09:58","slug":"srce-jaspis-rdeci","status":"publish","type":"product","link":"https:\/\/moirai.si\/de\/izdelek\/srce-jaspis-rdeci\/","title":{"rendered":"Herz Jaspis Rot"},"content":{"rendered":"<p>\u010cudovit kos spoliranega rde\u010dega Jaspisa v obliki sr\u010dka, primeren kot zdravilni ro\u010dni kamen ali kot darilo. Slika je simboli\u010dna. Mo\u017ena so manj\u0161a odstopanja v barvi, te\u017ei in obliki. <\/p>\n<p>Weitere Informationen: <a href=\"https:\/\/moirai.si\/de\/jaspis\/\" target=\"_blank\" rel=\"noopener noreferrer\">Jaspis <\/a><\/p>\n<p>MATERIAL: roter Jaspis<br \/>\nDIMENZIJE: 4&#215;4.4 cm<br \/>\nGEWICHT: ca. 40 g<\/p>","protected":false},"excerpt":{"rendered":"<p>\u010cudovit kos spoliranega rde\u010dega Jaspisa v obliki sr\u010dka, primeren kot zdravilni ro\u010dni kamen ali kot darilo. Slika je simboli\u010dna. Mo\u017ena so manj\u0161a odstopanja v barvi, te\u017ei in obliki. Ve\u010d informacij: Jaspis MATERIAL: rde\u010di Jaspis DIMENZIJE: 4&#215;4.4 cm TE\u017dA: cca 40 g<\/p>","protected":false},"featured_media":20846,"template":"","meta":[],"product_brand":[],"product_cat":[47,755],"product_tag":[1009],"class_list":{"0":"post-20845","1":"product","2":"type-product","3":"status-publish","4":"has-post-thumbnail","6":"product_cat-jaspis","7":"product_cat-mix","8":"product_tag-srce-jaspis-rdeci","10":"first","11":"instock","12":"shipping-taxable","13":"purchasable","14":"product-type-simple"},"_links":{"self":[{"href":"https:\/\/moirai.si\/de\/wp-json\/wp\/v2\/product\/20845","targetHints":{"allow":["GET"]}}],"collection":[{"href":"https:\/\/moirai.si\/de\/wp-json\/wp\/v2\/product"}],"about":[{"href":"https:\/\/moirai.si\/de\/wp-json\/wp\/v2\/types\/product"}],"wp:featuredmedia":[{"embeddable":true,"href":"https:\/\/moirai.si\/de\/wp-json\/wp\/v2\/media\/20846"}],"wp:attachment":[{"href":"https:\/\/moirai.si\/de\/wp-json\/wp\/v2\/media?parent=20845"}],"wp:term":[{"taxonomy":"product_brand","embeddable":true,"href":"https:\/\/moirai.si\/de\/wp-json\/wp\/v2\/product_brand?post=20845"},{"taxonomy":"product_cat","embeddable":true,"href":"https:\/\/moirai.si\/de\/wp-json\/wp\/v2\/product_cat?post=20845"},{"taxonomy":"product_tag","embeddable":true,"href":"https:\/\/moirai.si\/de\/wp-json\/wp\/v2\/product_tag?post=20845"}],"curies":[{"name":"wp","href":"https:\/\/api.w.org\/{rel}","templated":true}]}}