{"id":20854,"date":"2022-01-06T18:13:03","date_gmt":"2022-01-06T18:13:03","guid":{"rendered":"https:\/\/moirai.si\/?post_type=product&#038;p=20854"},"modified":"2026-03-26T12:50:07","modified_gmt":"2026-03-26T12:50:07","slug":"granatgrun-mit","status":"publish","type":"product","link":"https:\/\/moirai.si\/de\/izdelek\/granat-zeleni-s\/","title":{"rendered":"Granatgr\u00fcn S"},"content":{"rendered":"<p>Ein sch\u00f6nes St\u00fcck polierter Gr\u00fcner Granat, geeignet als heilender Handstein oder als Geschenk f\u00fcr Ihre Lieben. Die Abbildung ist symbolisch. Geringf\u00fcgige Abweichungen in Farbe, Gewicht und Form k\u00f6nnen auftreten.<\/p>\n<p>Weitere Informationen: <a href=\"https:\/\/moirai.si\/de\/granate\/\" target=\"_blank\" rel=\"noopener noreferrer\">Granate<\/a><\/p>\n<p>MATERIAL: Gr\u00fcner Granat (Tsavorit oder Tsavolith), (Tansania)<br \/>\nABMESSUNGEN: 2-2,5 cm<br \/>\nGEWICHT: 5-10 g<\/p>","protected":false},"excerpt":{"rendered":"<p>\u010cudovit kos spoliranega zelenega Granata, primeren kot zdravilni ro\u010dni kamen ali kot darilo za va\u0161e najbli\u017enje. Slika je simboli\u010dna. Mo\u017ena so manj\u0161a odstopanja v barvi, te\u017ei in obliki. Ve\u010d informacij: Granat MATERIAL: zeleni Granat (Tsavorit ali Tsavolit), (Tanzanija) DIMENZIJE: 2-2.5 cm TE\u017dA: 5-10 g<\/p>","protected":false},"featured_media":20855,"template":"","meta":[],"product_brand":[],"product_cat":[41,753],"product_tag":[1117],"class_list":{"0":"post-20854","1":"product","2":"type-product","3":"status-publish","4":"has-post-thumbnail","6":"product_cat-granat","7":"product_cat-rocni-kamni","8":"product_tag-zeleni-granat-tsavorit-ali-tsavolit","10":"first","11":"instock","12":"shipping-taxable","13":"purchasable","14":"product-type-simple"},"_links":{"self":[{"href":"https:\/\/moirai.si\/de\/wp-json\/wp\/v2\/product\/20854","targetHints":{"allow":["GET"]}}],"collection":[{"href":"https:\/\/moirai.si\/de\/wp-json\/wp\/v2\/product"}],"about":[{"href":"https:\/\/moirai.si\/de\/wp-json\/wp\/v2\/types\/product"}],"wp:featuredmedia":[{"embeddable":true,"href":"https:\/\/moirai.si\/de\/wp-json\/wp\/v2\/media\/20855"}],"wp:attachment":[{"href":"https:\/\/moirai.si\/de\/wp-json\/wp\/v2\/media?parent=20854"}],"wp:term":[{"taxonomy":"product_brand","embeddable":true,"href":"https:\/\/moirai.si\/de\/wp-json\/wp\/v2\/product_brand?post=20854"},{"taxonomy":"product_cat","embeddable":true,"href":"https:\/\/moirai.si\/de\/wp-json\/wp\/v2\/product_cat?post=20854"},{"taxonomy":"product_tag","embeddable":true,"href":"https:\/\/moirai.si\/de\/wp-json\/wp\/v2\/product_tag?post=20854"}],"curies":[{"name":"wp","href":"https:\/\/api.w.org\/{rel}","templated":true}]}}