{"id":20856,"date":"2022-01-06T18:17:12","date_gmt":"2022-01-06T18:17:12","guid":{"rendered":"https:\/\/moirai.si\/?post_type=product&#038;p=20856"},"modified":"2026-03-26T12:43:18","modified_gmt":"2026-03-26T12:43:18","slug":"iolith-mit","status":"publish","type":"product","link":"https:\/\/moirai.si\/de\/izdelek\/iolit-s\/","title":{"rendered":"Iolith S"},"content":{"rendered":"<p>Ein sch\u00f6nes St\u00fcck polierter Iolith, geeignet als heilender Handstein oder als Geschenk f\u00fcr Ihre Lieben. Die Abbildung ist symbolisch. Geringf\u00fcgige Abweichungen in Farbe, Gewicht und Form k\u00f6nnen auftreten.<\/p>\n<p>MATERIAL: Iolith (Madagaskar)<br \/>\nABMESSUNGEN: 0,6-1,5 cm<br \/>\nGEWICHT: 1-2 g<\/p>","protected":false},"excerpt":{"rendered":"<p>\u010cudovit kos spoliranega Iolita, primeren kot zdravilni ro\u010dni kamen ali kot darilo za va\u0161e najbli\u017enje. Slika je simboli\u010dna. Mo\u017ena so manj\u0161a odstopanja v barvi, te\u017ei in obliki. MATERIAL: Iolit (Madagaskar) DIMENZIJE: 0.6-1.5 cm TE\u017dA: 1-2 g<\/p>","protected":false},"featured_media":20857,"template":"","meta":[],"product_brand":[],"product_cat":[753],"product_tag":[1013],"class_list":{"0":"post-20856","1":"product","2":"type-product","3":"status-publish","4":"has-post-thumbnail","6":"product_cat-rocni-kamni","7":"product_tag-iolit-madagaskar","9":"first","10":"instock","11":"shipping-taxable","12":"purchasable","13":"product-type-simple"},"_links":{"self":[{"href":"https:\/\/moirai.si\/de\/wp-json\/wp\/v2\/product\/20856","targetHints":{"allow":["GET"]}}],"collection":[{"href":"https:\/\/moirai.si\/de\/wp-json\/wp\/v2\/product"}],"about":[{"href":"https:\/\/moirai.si\/de\/wp-json\/wp\/v2\/types\/product"}],"wp:featuredmedia":[{"embeddable":true,"href":"https:\/\/moirai.si\/de\/wp-json\/wp\/v2\/media\/20857"}],"wp:attachment":[{"href":"https:\/\/moirai.si\/de\/wp-json\/wp\/v2\/media?parent=20856"}],"wp:term":[{"taxonomy":"product_brand","embeddable":true,"href":"https:\/\/moirai.si\/de\/wp-json\/wp\/v2\/product_brand?post=20856"},{"taxonomy":"product_cat","embeddable":true,"href":"https:\/\/moirai.si\/de\/wp-json\/wp\/v2\/product_cat?post=20856"},{"taxonomy":"product_tag","embeddable":true,"href":"https:\/\/moirai.si\/de\/wp-json\/wp\/v2\/product_tag?post=20856"}],"curies":[{"name":"wp","href":"https:\/\/api.w.org\/{rel}","templated":true}]}}