{"id":20895,"date":"2022-01-10T12:43:17","date_gmt":"2022-01-10T12:43:17","guid":{"rendered":"https:\/\/moirai.si\/?post_type=product&#038;p=20895"},"modified":"2025-01-13T14:32:27","modified_gmt":"2025-01-13T14:32:27","slug":"klassische-lava-2","status":"publish","type":"product","link":"https:\/\/moirai.si\/de\/izdelek\/clasic-lava-2\/","title":{"rendered":"Klassische Lava"},"content":{"rendered":"<p>Elegantes Armband aus der Clasic-Kollektion, hergestellt aus Lava. Das Armband ist auf einem weichen, aber starken Stahldraht aufgef\u00e4delt und mit silbernen Elementen versehen. <\/p>\n<p>MATERIAL: schwarze Lava, 925 Silber<br \/>\nL\u00c4NGE: einstellbar 17,5-20 cm<br \/>\nGEWICHT: 13,6 g<br \/>\nSteingr\u00f6\u00dfe: 6-8 mm<br \/>\nSchlie\u00dfe: 9 mm<\/p>","protected":false},"excerpt":{"rendered":"<p>Elegantna zapestnica kolekcije Clasic, ki je narejena iz Lave. Zapestnica je nizana na mehko, vendar mo\u010dno jekleno \u017eico in zaklju\u010dena s srebrnimi elementi. MATERIAL: \u010drna Lava, Srebro 925 DOL\u017dINA: prilagodljiva 17.5-20 cm TE\u017dA: 13.6 g VELIKOST KAMNOV: 6-8 mm ZAPONKA: 9 mm<\/p>","protected":false},"featured_media":20897,"template":"","meta":[],"product_brand":[],"product_cat":[208,820,750,821,822,823,1137],"product_tag":[785,371],"class_list":{"0":"post-20895","1":"product","2":"type-product","3":"status-publish","4":"has-post-thumbnail","6":"product_cat-clasic","7":"product_cat-do-18cm","8":"product_cat-lava","9":"product_cat-od-18-do-19cm","10":"product_cat-od-19-do-20cm","11":"product_cat-od-20cm","12":"product_cat-ogled-vseh-zapestnice-2","13":"product_tag-crna-lava","14":"product_tag-srebro-925","16":"first","17":"instock","18":"shipping-taxable","19":"purchasable","20":"product-type-simple"},"_links":{"self":[{"href":"https:\/\/moirai.si\/de\/wp-json\/wp\/v2\/product\/20895","targetHints":{"allow":["GET"]}}],"collection":[{"href":"https:\/\/moirai.si\/de\/wp-json\/wp\/v2\/product"}],"about":[{"href":"https:\/\/moirai.si\/de\/wp-json\/wp\/v2\/types\/product"}],"wp:featuredmedia":[{"embeddable":true,"href":"https:\/\/moirai.si\/de\/wp-json\/wp\/v2\/media\/20897"}],"wp:attachment":[{"href":"https:\/\/moirai.si\/de\/wp-json\/wp\/v2\/media?parent=20895"}],"wp:term":[{"taxonomy":"product_brand","embeddable":true,"href":"https:\/\/moirai.si\/de\/wp-json\/wp\/v2\/product_brand?post=20895"},{"taxonomy":"product_cat","embeddable":true,"href":"https:\/\/moirai.si\/de\/wp-json\/wp\/v2\/product_cat?post=20895"},{"taxonomy":"product_tag","embeddable":true,"href":"https:\/\/moirai.si\/de\/wp-json\/wp\/v2\/product_tag?post=20895"}],"curies":[{"name":"wp","href":"https:\/\/api.w.org\/{rel}","templated":true}]}}