{"id":20904,"date":"2022-01-10T12:49:03","date_gmt":"2022-01-10T12:49:03","guid":{"rendered":"https:\/\/moirai.si\/?post_type=product&#038;p=20904"},"modified":"2025-01-13T14:31:49","modified_gmt":"2025-01-13T14:31:49","slug":"clasic-jaspis-dalmatinski","status":"publish","type":"product","link":"https:\/\/moirai.si\/de\/izdelek\/clasic-jaspis-dalmatinski\/","title":{"rendered":"Klassischer Jaspis-Dalmatiner"},"content":{"rendered":"<p>Elegantna zapestnica kolekcije Clasic, ki je narejena iz Dalmatinskega Jaspisa. Zapestnica je nizana na mehko, vendar mo\u010dno jekleno \u017eico in zaklju\u010dena s srebrnimi rodiniranimi elementi. Slika je siimboli\u010dna. Mo\u017ena so manj\u0161a odstopanja v barvi.<\/p>\n<p>Weitere Informationen: <a href=\"https:\/\/moirai.si\/de\/jaspis\/\" target=\"_blank\" rel=\"noopener noreferrer\">Jaspis <\/a><\/p>\n<p>MATERIAL: mat Dalmatinski Jaspis, rodinirano Srebro 925<br \/>\nL\u00c4NGE: einstellbar 16,5-19 cm<br \/>\nGEWICHT: 13,1 g<br \/>\nSTEINGR\u00d6SSE: 8 mm<br \/>\nSchlie\u00dfe: 9 mm<\/p>","protected":false},"excerpt":{"rendered":"<p>Elegantna zapestnica kolekcije Clasic, ki je narejena iz Dalmatinskega Jaspisa. Zapestnica je nizana na mehko, vendar mo\u010dno jekleno \u017eico in zaklju\u010dena s srebrnimi rodiniranimi elementi. Slika je siimboli\u010dna. Mo\u017ena so manj\u0161a odstopanja v barvi. Ve\u010d informacij: Jaspis MATERIAL: mat Dalmatinski Jaspis, rodinirano Srebro 925 DOL\u017dINA: prilagodljiva 16.5-19 cm TE\u017dA: 13,1 g VELIKOST KAMNOV: 8 mm [&hellip;]<\/p>\n","protected":false},"featured_media":24981,"template":"","meta":[],"product_brand":[],"product_cat":[208,820,47,821,822,1137],"product_tag":[1016,637],"class_list":{"0":"post-20904","1":"product","2":"type-product","3":"status-publish","4":"has-post-thumbnail","6":"product_cat-clasic","7":"product_cat-do-18cm","8":"product_cat-jaspis","9":"product_cat-od-18-do-19cm","10":"product_cat-od-19-do-20cm","11":"product_cat-ogled-vseh-zapestnice-2","12":"product_tag-mat-dalmatinski-jaspis","13":"product_tag-rodinirano-srebro-925","15":"first","16":"instock","17":"shipping-taxable","18":"purchasable","19":"product-type-simple"},"_links":{"self":[{"href":"https:\/\/moirai.si\/de\/wp-json\/wp\/v2\/product\/20904","targetHints":{"allow":["GET"]}}],"collection":[{"href":"https:\/\/moirai.si\/de\/wp-json\/wp\/v2\/product"}],"about":[{"href":"https:\/\/moirai.si\/de\/wp-json\/wp\/v2\/types\/product"}],"wp:featuredmedia":[{"embeddable":true,"href":"https:\/\/moirai.si\/de\/wp-json\/wp\/v2\/media\/24981"}],"wp:attachment":[{"href":"https:\/\/moirai.si\/de\/wp-json\/wp\/v2\/media?parent=20904"}],"wp:term":[{"taxonomy":"product_brand","embeddable":true,"href":"https:\/\/moirai.si\/de\/wp-json\/wp\/v2\/product_brand?post=20904"},{"taxonomy":"product_cat","embeddable":true,"href":"https:\/\/moirai.si\/de\/wp-json\/wp\/v2\/product_cat?post=20904"},{"taxonomy":"product_tag","embeddable":true,"href":"https:\/\/moirai.si\/de\/wp-json\/wp\/v2\/product_tag?post=20904"}],"curies":[{"name":"wp","href":"https:\/\/api.w.org\/{rel}","templated":true}]}}