{"id":20914,"date":"2022-01-10T15:48:14","date_gmt":"2022-01-10T15:48:14","guid":{"rendered":"https:\/\/moirai.si\/?post_type=product&#038;p=20914"},"modified":"2025-01-13T14:31:01","modified_gmt":"2025-01-13T14:31:01","slug":"ella-tigrovo-oko-2","status":"publish","type":"product","link":"https:\/\/moirai.si\/de\/izdelek\/ella-tigrovo-oko-2\/","title":{"rendered":"Ella Tigerauge"},"content":{"rendered":"<p>Elegantna zapestnica kolekcije Ella, ki je narejena iz Tigrovega O\u010desa. Zapestnica je nizana na mehko, vendar mo\u010dno jekleno \u017eico in zaklju\u010dena s srebrnimi 925 elementi. <\/p>\n<p>MATERIAL: Tigerauge, Sterling Silber 925<br \/>\nL\u00c4NGE: einstellbar 17-19,5 cm<br \/>\nGEWICHT: 28,7 g<br \/>\nSteingr\u00f6\u00dfe: 6-25 mm<br \/>\nSchlie\u00dfe: 9 mm<\/p>","protected":false},"excerpt":{"rendered":"<p>Elegantna zapestnica kolekcije Ella, ki je narejena iz Tigrovega O\u010desa. Zapestnica je nizana na mehko, vendar mo\u010dno jekleno \u017eico in zaklju\u010dena s srebrnimi 925 elementi. MATERIAL: Tigrovo Oko, Srebro 925 DOL\u017dINA: prilagodljiva 17-19.5 cm TE\u017dA: 28.7 g VELIKOST KAMNOV: 6-25 mm ZAPONKA: 9 mm<\/p>","protected":false},"featured_media":20915,"template":"","meta":[],"product_brand":[],"product_cat":[820,289,821,822,1137,81],"product_tag":[371,199],"class_list":{"0":"post-20914","1":"product","2":"type-product","3":"status-publish","4":"has-post-thumbnail","6":"product_cat-do-18cm","7":"product_cat-ella","8":"product_cat-od-18-do-19cm","9":"product_cat-od-19-do-20cm","10":"product_cat-ogled-vseh-zapestnice-2","11":"product_cat-tigrovo-oko","12":"product_tag-srebro-925","13":"product_tag-tigrovo-oko","15":"first","16":"instock","17":"shipping-taxable","18":"purchasable","19":"product-type-simple"},"_links":{"self":[{"href":"https:\/\/moirai.si\/de\/wp-json\/wp\/v2\/product\/20914","targetHints":{"allow":["GET"]}}],"collection":[{"href":"https:\/\/moirai.si\/de\/wp-json\/wp\/v2\/product"}],"about":[{"href":"https:\/\/moirai.si\/de\/wp-json\/wp\/v2\/types\/product"}],"wp:featuredmedia":[{"embeddable":true,"href":"https:\/\/moirai.si\/de\/wp-json\/wp\/v2\/media\/20915"}],"wp:attachment":[{"href":"https:\/\/moirai.si\/de\/wp-json\/wp\/v2\/media?parent=20914"}],"wp:term":[{"taxonomy":"product_brand","embeddable":true,"href":"https:\/\/moirai.si\/de\/wp-json\/wp\/v2\/product_brand?post=20914"},{"taxonomy":"product_cat","embeddable":true,"href":"https:\/\/moirai.si\/de\/wp-json\/wp\/v2\/product_cat?post=20914"},{"taxonomy":"product_tag","embeddable":true,"href":"https:\/\/moirai.si\/de\/wp-json\/wp\/v2\/product_tag?post=20914"}],"curies":[{"name":"wp","href":"https:\/\/api.w.org\/{rel}","templated":true}]}}