{"id":20923,"date":"2022-01-10T15:54:12","date_gmt":"2022-01-10T15:54:12","guid":{"rendered":"https:\/\/moirai.si\/?post_type=product&#038;p=20923"},"modified":"2025-03-26T08:12:40","modified_gmt":"2025-03-26T08:12:40","slug":"ella-rozevec","status":"publish","type":"product","link":"https:\/\/moirai.si\/de\/izdelek\/ella-rozevec\/","title":{"rendered":"Ella Rosenquarz"},"content":{"rendered":"<p>Elegantna zapestnica kolekcije Ella, ki je narejena iz Ro\u017eevca in rodiniranega srebra 925. Zapestnica je nizana na mehko, vendar mo\u010dno jekleno \u017eico. <\/p>\n<p>MATERIAL: Ro\u017eevec, rodinirano Srebro 925<br \/>\nDOL\u017dINA: prilagodljiva 18.5-21 cm<br \/>\nTE\u017dA: 25 g<br \/>\nVELIKOST KAMNOV: 4-15 mm<br \/>\nSchlie\u00dfe: 9 mm<\/p>","protected":false},"excerpt":{"rendered":"<p>Elegantna zapestnica kolekcije Ella, ki je narejena iz Ro\u017eevca in rodiniranega srebra 925. Zapestnica je nizana na mehko, vendar mo\u010dno jekleno \u017eico. MATERIAL: Ro\u017eevec, rodinirano Srebro 925 DOL\u017dINA: prilagodljiva 18.5-21 cm TE\u017dA: 25 g VELIKOST KAMNOV: 4-15 mm ZAPONKA: 9 mm<\/p>","protected":false},"featured_media":24141,"template":"","meta":[],"product_brand":[],"product_cat":[820,289,821,822,823,1137,69],"product_tag":[637,225],"class_list":{"0":"post-20923","1":"product","2":"type-product","3":"status-publish","4":"has-post-thumbnail","6":"product_cat-do-18cm","7":"product_cat-ella","8":"product_cat-od-18-do-19cm","9":"product_cat-od-19-do-20cm","10":"product_cat-od-20cm","11":"product_cat-ogled-vseh-zapestnice-2","12":"product_cat-rozevec","13":"product_tag-rodinirano-srebro-925","14":"product_tag-rozevec","16":"first","17":"instock","18":"shipping-taxable","19":"purchasable","20":"product-type-simple"},"_links":{"self":[{"href":"https:\/\/moirai.si\/de\/wp-json\/wp\/v2\/product\/20923","targetHints":{"allow":["GET"]}}],"collection":[{"href":"https:\/\/moirai.si\/de\/wp-json\/wp\/v2\/product"}],"about":[{"href":"https:\/\/moirai.si\/de\/wp-json\/wp\/v2\/types\/product"}],"wp:featuredmedia":[{"embeddable":true,"href":"https:\/\/moirai.si\/de\/wp-json\/wp\/v2\/media\/24141"}],"wp:attachment":[{"href":"https:\/\/moirai.si\/de\/wp-json\/wp\/v2\/media?parent=20923"}],"wp:term":[{"taxonomy":"product_brand","embeddable":true,"href":"https:\/\/moirai.si\/de\/wp-json\/wp\/v2\/product_brand?post=20923"},{"taxonomy":"product_cat","embeddable":true,"href":"https:\/\/moirai.si\/de\/wp-json\/wp\/v2\/product_cat?post=20923"},{"taxonomy":"product_tag","embeddable":true,"href":"https:\/\/moirai.si\/de\/wp-json\/wp\/v2\/product_tag?post=20923"}],"curies":[{"name":"wp","href":"https:\/\/api.w.org\/{rel}","templated":true}]}}