{"id":20925,"date":"2022-01-10T15:55:36","date_gmt":"2022-01-10T15:55:36","guid":{"rendered":"https:\/\/moirai.si\/?post_type=product&#038;p=20925"},"modified":"2025-01-13T14:30:29","modified_gmt":"2025-01-13T14:30:29","slug":"ella-kvarc-dimni","status":"publish","type":"product","link":"https:\/\/moirai.si\/de\/izdelek\/ella-kvarc-dimni\/","title":{"rendered":"Ella Rauchquarz"},"content":{"rendered":"<p>Elegantna zapestnica kolekcije Ella, ki je narejena iz Dimnega Kvarca. Zapestnica je nizana na mehko, vendar mo\u010dno jekleno \u017eico in zaklju\u010dena s srebrnimi 925 elementi. <\/p>\n<p>MATERIAL: Rauchquarz, Sterling Silber 925<br \/>\nL\u00c4NGE: einstellbar 16,5-19 cm<br \/>\nTE\u017dA: 15.5 g<br \/>\nSteingr\u00f6\u00dfe: 6-14 mm<br \/>\nSchlie\u00dfe: 9 mm<\/p>","protected":false},"excerpt":{"rendered":"<p>Elegantna zapestnica kolekcije Ella, ki je narejena iz Dimnega Kvarca. Zapestnica je nizana na mehko, vendar mo\u010dno jekleno \u017eico in zaklju\u010dena s srebrnimi 925 elementi. MATERIAL: Dimni Kvarc, Srebro 925 DOL\u017dINA: prilagodljiva 16.5-19 cm TE\u017dA: 15.5 g VELIKOST KAMNOV: 6-14 mm ZAPONKA: 9 mm<\/p>","protected":false},"featured_media":20926,"template":"","meta":[],"product_brand":[],"product_cat":[820,289,848,821,822,1137],"product_tag":[365,371],"class_list":{"0":"post-20925","1":"product","2":"type-product","3":"status-publish","4":"has-post-thumbnail","6":"product_cat-do-18cm","7":"product_cat-ella","8":"product_cat-kvarc","9":"product_cat-od-18-do-19cm","10":"product_cat-od-19-do-20cm","11":"product_cat-ogled-vseh-zapestnice-2","12":"product_tag-dimni-kvarc","13":"product_tag-srebro-925","15":"first","16":"instock","17":"shipping-taxable","18":"purchasable","19":"product-type-simple"},"_links":{"self":[{"href":"https:\/\/moirai.si\/de\/wp-json\/wp\/v2\/product\/20925","targetHints":{"allow":["GET"]}}],"collection":[{"href":"https:\/\/moirai.si\/de\/wp-json\/wp\/v2\/product"}],"about":[{"href":"https:\/\/moirai.si\/de\/wp-json\/wp\/v2\/types\/product"}],"wp:featuredmedia":[{"embeddable":true,"href":"https:\/\/moirai.si\/de\/wp-json\/wp\/v2\/media\/20926"}],"wp:attachment":[{"href":"https:\/\/moirai.si\/de\/wp-json\/wp\/v2\/media?parent=20925"}],"wp:term":[{"taxonomy":"product_brand","embeddable":true,"href":"https:\/\/moirai.si\/de\/wp-json\/wp\/v2\/product_brand?post=20925"},{"taxonomy":"product_cat","embeddable":true,"href":"https:\/\/moirai.si\/de\/wp-json\/wp\/v2\/product_cat?post=20925"},{"taxonomy":"product_tag","embeddable":true,"href":"https:\/\/moirai.si\/de\/wp-json\/wp\/v2\/product_tag?post=20925"}],"curies":[{"name":"wp","href":"https:\/\/api.w.org\/{rel}","templated":true}]}}