{"id":20929,"date":"2022-01-10T15:58:15","date_gmt":"2022-01-10T15:58:15","guid":{"rendered":"https:\/\/moirai.si\/?post_type=product&#038;p=20929"},"modified":"2025-01-13T14:30:22","modified_gmt":"2025-01-13T14:30:22","slug":"le-petit-iolit","status":"publish","type":"product","link":"https:\/\/moirai.si\/de\/izdelek\/le-petit-iolit\/","title":{"rendered":"Le Petit Iolit"},"content":{"rendered":"<p>Zartes Armband aus der Kollektion Le Petit aus Iolith. Das Armband ist auf einem weichen, aber starken Stahldraht aufgef\u00e4delt und mit silbernen Elementen versehen. <\/p>\n<p>MATERIAL: Iolith, 925er Silber<br \/>\nL\u00c4NGE: einstellbar 17-19,5 cm<br \/>\nTE\u017dA: 5.6 g<br \/>\nSteingr\u00f6\u00dfe: 6-8 mm<br \/>\nSchlie\u00dfe: 9 mm<\/p>","protected":false},"excerpt":{"rendered":"<p>Ne\u017ena zapestnica kolekcije Le Petit, ki je narejena iz Iolita. Zapestnica je nizana na mehko, vendar mo\u010dno jekleno \u017eico in zaklju\u010dena s srebrnimi elementi. MATERIAL: Iolit, Srebro 925 DOL\u017dINA: prilagodljiva 17-19,5 cm TE\u017dA: 5.6 g VELIKOST KAMNOV: 6-8 mm ZAPONKA: 9 mm<\/p>","protected":false},"featured_media":23974,"template":"","meta":[],"product_brand":[],"product_cat":[820,211,821,822,1137],"product_tag":[1014,371],"class_list":{"0":"post-20929","1":"product","2":"type-product","3":"status-publish","4":"has-post-thumbnail","6":"product_cat-do-18cm","7":"product_cat-le-petit","8":"product_cat-od-18-do-19cm","9":"product_cat-od-19-do-20cm","10":"product_cat-ogled-vseh-zapestnice-2","11":"product_tag-iolit","12":"product_tag-srebro-925","14":"first","15":"instock","16":"shipping-taxable","17":"purchasable","18":"product-type-simple"},"_links":{"self":[{"href":"https:\/\/moirai.si\/de\/wp-json\/wp\/v2\/product\/20929","targetHints":{"allow":["GET"]}}],"collection":[{"href":"https:\/\/moirai.si\/de\/wp-json\/wp\/v2\/product"}],"about":[{"href":"https:\/\/moirai.si\/de\/wp-json\/wp\/v2\/types\/product"}],"wp:featuredmedia":[{"embeddable":true,"href":"https:\/\/moirai.si\/de\/wp-json\/wp\/v2\/media\/23974"}],"wp:attachment":[{"href":"https:\/\/moirai.si\/de\/wp-json\/wp\/v2\/media?parent=20929"}],"wp:term":[{"taxonomy":"product_brand","embeddable":true,"href":"https:\/\/moirai.si\/de\/wp-json\/wp\/v2\/product_brand?post=20929"},{"taxonomy":"product_cat","embeddable":true,"href":"https:\/\/moirai.si\/de\/wp-json\/wp\/v2\/product_cat?post=20929"},{"taxonomy":"product_tag","embeddable":true,"href":"https:\/\/moirai.si\/de\/wp-json\/wp\/v2\/product_tag?post=20929"}],"curies":[{"name":"wp","href":"https:\/\/api.w.org\/{rel}","templated":true}]}}