{"id":20991,"date":"2022-01-24T13:44:28","date_gmt":"2022-01-24T13:44:28","guid":{"rendered":"https:\/\/moirai.si\/?post_type=product&#038;p=20991"},"modified":"2026-01-12T10:48:34","modified_gmt":"2026-01-12T10:48:34","slug":"925-sterling-silber-familienring-55cm","status":"publish","type":"product","link":"https:\/\/moirai.si\/de\/izdelek\/rodinirana-srebrna-925-verizica-55cm\/","title":{"rendered":"Rhodinierte 925 Silber Kette 55cm"},"content":{"rendered":"<p>Rhodinierte Kette aus 925er Silber (55 cm).<\/p>\n<p>MATERIAL: 925 rhodiniertes Silber<br \/>\nBREITE: 1,8 mm<br \/>\nGEWICHT: 3,1 g<br \/>\nL\u00c4NGE: 55 cm<br \/>\n\u00d6se zum Schlie\u00dfen des Verschlusses: 3mm<br \/>\nSchlie\u00dfe: 9mm<\/p>","protected":false},"excerpt":{"rendered":"<p>Rodinirana srebrna 925 veri\u017eica (55cm). MATERIAL: Rodinirano srebro 925 \u0160IRINA: 1.8 mm TE\u017dA: 3.1 g DOL\u017dINA: 55 cm ZANKA ZA ZAPIRANJE ZAPONKE: 3mm ZAPONKA: 9mm<\/p>","protected":false},"featured_media":21621,"template":"","meta":[],"product_brand":[],"product_cat":[817,1136,911],"product_tag":[1021],"class_list":{"0":"post-20991","1":"product","2":"type-product","3":"status-publish","4":"has-post-thumbnail","6":"product_cat-od-50-do-60cm","7":"product_cat-ogled-vseh","8":"product_cat-verizice-in-vrvice","9":"product_tag-rodinirana-srebrna-925-verizica-55cm","11":"first","12":"instock","13":"shipping-taxable","14":"purchasable","15":"product-type-simple"},"_links":{"self":[{"href":"https:\/\/moirai.si\/de\/wp-json\/wp\/v2\/product\/20991","targetHints":{"allow":["GET"]}}],"collection":[{"href":"https:\/\/moirai.si\/de\/wp-json\/wp\/v2\/product"}],"about":[{"href":"https:\/\/moirai.si\/de\/wp-json\/wp\/v2\/types\/product"}],"wp:featuredmedia":[{"embeddable":true,"href":"https:\/\/moirai.si\/de\/wp-json\/wp\/v2\/media\/21621"}],"wp:attachment":[{"href":"https:\/\/moirai.si\/de\/wp-json\/wp\/v2\/media?parent=20991"}],"wp:term":[{"taxonomy":"product_brand","embeddable":true,"href":"https:\/\/moirai.si\/de\/wp-json\/wp\/v2\/product_brand?post=20991"},{"taxonomy":"product_cat","embeddable":true,"href":"https:\/\/moirai.si\/de\/wp-json\/wp\/v2\/product_cat?post=20991"},{"taxonomy":"product_tag","embeddable":true,"href":"https:\/\/moirai.si\/de\/wp-json\/wp\/v2\/product_tag?post=20991"}],"curies":[{"name":"wp","href":"https:\/\/api.w.org\/{rel}","templated":true}]}}