{"id":21011,"date":"2022-01-28T12:23:49","date_gmt":"2022-01-28T12:23:49","guid":{"rendered":"https:\/\/moirai.si\/?post_type=product&#038;p=21011"},"modified":"2025-12-16T14:18:07","modified_gmt":"2025-12-16T14:18:07","slug":"le-petit-ahat-mahovni","status":"publish","type":"product","link":"https:\/\/moirai.si\/de\/izdelek\/le-petit-ahat-mahovni\/","title":{"rendered":"Le Petit Moosiger Achat"},"content":{"rendered":"<p>Elegante Ohrringe aus der Kollektion Le Petit, hergestellt aus Moosachat und 925er Sterlingsilber. Die Abbildung ist symbolisch. Leichte Farbabweichungen sind m\u00f6glich.<\/p>\n<p>Weitere Informationen: <a href=\"https:\/\/moirai.si\/de\/achat\/\" target=\"_blank\" rel=\"noopener noreferrer\">Achat<\/a><\/p>\n<p>MATERIAL: Mahovni Ahat, rodinirano srebro 925<br \/>\nSTEINGR\u00d6SSE: 8 mm<br \/>\nGEWICHT: 2,4 g<br \/>\nL\u00c4NGE: 2 cm<\/p>","protected":false},"excerpt":{"rendered":"<p>Elegantni uhani kolekcije Le Petit, ki so narejeni iz Mahovnega Ahata in srebra 925. Slika je simboli\u010dna. Mo\u017ena so manj\u0161a odstopanja v barvi. Ve\u010d informacij: Ahat MATERIAL: Mahovni Ahat, rodinirano srebro 925 VELIKOST KAMNOV: 8 mm TE\u017dA: 2.4 g DOL\u017dINA: 2 cm<\/p>","protected":false},"featured_media":26958,"template":"","meta":[],"product_brand":[],"product_cat":[30,211,1138,27,1143],"product_tag":[775,637],"class_list":{"0":"post-21011","1":"product","2":"type-product","3":"status-publish","4":"has-post-thumbnail","6":"product_cat-ahat","7":"product_cat-le-petit","8":"product_cat-ogled-vseh-uhani","9":"product_cat-uhani","10":"product_cat-uhani-le-petit","11":"product_tag-mahovni-ahat","12":"product_tag-rodinirano-srebro-925","14":"first","15":"instock","16":"shipping-taxable","17":"purchasable","18":"product-type-simple"},"_links":{"self":[{"href":"https:\/\/moirai.si\/de\/wp-json\/wp\/v2\/product\/21011","targetHints":{"allow":["GET"]}}],"collection":[{"href":"https:\/\/moirai.si\/de\/wp-json\/wp\/v2\/product"}],"about":[{"href":"https:\/\/moirai.si\/de\/wp-json\/wp\/v2\/types\/product"}],"wp:featuredmedia":[{"embeddable":true,"href":"https:\/\/moirai.si\/de\/wp-json\/wp\/v2\/media\/26958"}],"wp:attachment":[{"href":"https:\/\/moirai.si\/de\/wp-json\/wp\/v2\/media?parent=21011"}],"wp:term":[{"taxonomy":"product_brand","embeddable":true,"href":"https:\/\/moirai.si\/de\/wp-json\/wp\/v2\/product_brand?post=21011"},{"taxonomy":"product_cat","embeddable":true,"href":"https:\/\/moirai.si\/de\/wp-json\/wp\/v2\/product_cat?post=21011"},{"taxonomy":"product_tag","embeddable":true,"href":"https:\/\/moirai.si\/de\/wp-json\/wp\/v2\/product_tag?post=21011"}],"curies":[{"name":"wp","href":"https:\/\/api.w.org\/{rel}","templated":true}]}}