{"id":21017,"date":"2022-01-28T12:28:00","date_gmt":"2022-01-28T12:28:00","guid":{"rendered":"https:\/\/moirai.si\/?post_type=product&#038;p=21017"},"modified":"2026-03-17T08:40:22","modified_gmt":"2026-03-17T08:40:22","slug":"le-petit-lapis-lazuli","status":"publish","type":"product","link":"https:\/\/moirai.si\/de\/izdelek\/le-petit-lapis-lazuli\/","title":{"rendered":"Le Petit Lapis Lazuli"},"content":{"rendered":"<p>Elegante Ohrringe aus der Kollektion Le Petit, aus Lapislazuli und Sterlingsilber 925. Die Abbildung ist symbolisch. Leichte Farbabweichungen sind m\u00f6glich.<\/p>\n<p>MATERIAL: Lapislazuli, Sterlingsilber 925<br \/>\nSTEINGR\u00d6SSE: 8 mm<br \/>\nGEWICHT: 2,4 g<br \/>\nL\u00c4NGE: 2 cm<\/p>","protected":false},"excerpt":{"rendered":"<p>Elegantni uhani kolekcije Le Petit, ki so narejeni iz Lapis Lazulija in rodiniranega srebra 925. Slika je simboli\u010dna. Mo\u017ena so manj\u0161a odstopanja v barvi. MATERIAL: Lapis Lazuli, rodinirano srebro 925 VELIKOST KAMNOV: 8 mm TE\u017dA: 2.4 g DOL\u017dINA: 2 cm<\/p>","protected":false},"featured_media":25086,"template":"","meta":[],"product_brand":[],"product_cat":[55,211,1138,27,1143],"product_tag":[280,637],"class_list":{"0":"post-21017","1":"product","2":"type-product","3":"status-publish","4":"has-post-thumbnail","6":"product_cat-lapis-lazuli","7":"product_cat-le-petit","8":"product_cat-ogled-vseh-uhani","9":"product_cat-uhani","10":"product_cat-uhani-le-petit","11":"product_tag-lapis-lazuli","12":"product_tag-rodinirano-srebro-925","14":"first","15":"instock","16":"shipping-taxable","17":"purchasable","18":"product-type-simple"},"_links":{"self":[{"href":"https:\/\/moirai.si\/de\/wp-json\/wp\/v2\/product\/21017","targetHints":{"allow":["GET"]}}],"collection":[{"href":"https:\/\/moirai.si\/de\/wp-json\/wp\/v2\/product"}],"about":[{"href":"https:\/\/moirai.si\/de\/wp-json\/wp\/v2\/types\/product"}],"wp:featuredmedia":[{"embeddable":true,"href":"https:\/\/moirai.si\/de\/wp-json\/wp\/v2\/media\/25086"}],"wp:attachment":[{"href":"https:\/\/moirai.si\/de\/wp-json\/wp\/v2\/media?parent=21017"}],"wp:term":[{"taxonomy":"product_brand","embeddable":true,"href":"https:\/\/moirai.si\/de\/wp-json\/wp\/v2\/product_brand?post=21017"},{"taxonomy":"product_cat","embeddable":true,"href":"https:\/\/moirai.si\/de\/wp-json\/wp\/v2\/product_cat?post=21017"},{"taxonomy":"product_tag","embeddable":true,"href":"https:\/\/moirai.si\/de\/wp-json\/wp\/v2\/product_tag?post=21017"}],"curies":[{"name":"wp","href":"https:\/\/api.w.org\/{rel}","templated":true}]}}