{"id":21019,"date":"2022-01-28T12:29:18","date_gmt":"2022-01-28T12:29:18","guid":{"rendered":"https:\/\/moirai.si\/?post_type=product&#038;p=21019"},"modified":"2025-12-16T14:21:55","modified_gmt":"2025-12-16T14:21:55","slug":"le-petit-labradorit-2","status":"publish","type":"product","link":"https:\/\/moirai.si\/de\/izdelek\/le-petit-labradorit-2\/","title":{"rendered":"Le Petit Labradorit"},"content":{"rendered":"<p>Elegante Ohrringe aus der Kollektion Le Petit, hergestellt aus Labradorit und 925er Sterlingsilber. Die Abbildung ist symbolisch. Leichte Farbabweichungen sind m\u00f6glich.<\/p>\n<p>MATERIAL: Labradorit, Sterlingsilber 925<br \/>\nSTEINGR\u00d6SSE: 8 mm<br \/>\nGEWICHT: 2,2 g<br \/>\nL\u00c4NGE: 2 cm<\/p>","protected":false},"excerpt":{"rendered":"<p>Elegantni uhani kolekcije Le Petit, ki so narejeni iz Labradorita in rodiniranega srebra 925. Slika je simboli\u010dna. Mo\u017ena so manj\u0161a odstopanja v barvi. MATERIAL: Labradorit, rodinirano srebro 925 VELIKOST KAMNOV: 8 mm TE\u017dA: 2.2 g DOL\u017dINA: 2 cm<\/p>","protected":false},"featured_media":24045,"template":"","meta":[],"product_brand":[],"product_cat":[54,211,1138,27,1143],"product_tag":[294,637],"class_list":{"0":"post-21019","1":"product","2":"type-product","3":"status-publish","4":"has-post-thumbnail","6":"product_cat-labradorit","7":"product_cat-le-petit","8":"product_cat-ogled-vseh-uhani","9":"product_cat-uhani","10":"product_cat-uhani-le-petit","11":"product_tag-labradorit","12":"product_tag-rodinirano-srebro-925","14":"first","15":"instock","16":"shipping-taxable","17":"purchasable","18":"product-type-simple"},"_links":{"self":[{"href":"https:\/\/moirai.si\/de\/wp-json\/wp\/v2\/product\/21019","targetHints":{"allow":["GET"]}}],"collection":[{"href":"https:\/\/moirai.si\/de\/wp-json\/wp\/v2\/product"}],"about":[{"href":"https:\/\/moirai.si\/de\/wp-json\/wp\/v2\/types\/product"}],"wp:featuredmedia":[{"embeddable":true,"href":"https:\/\/moirai.si\/de\/wp-json\/wp\/v2\/media\/24045"}],"wp:attachment":[{"href":"https:\/\/moirai.si\/de\/wp-json\/wp\/v2\/media?parent=21019"}],"wp:term":[{"taxonomy":"product_brand","embeddable":true,"href":"https:\/\/moirai.si\/de\/wp-json\/wp\/v2\/product_brand?post=21019"},{"taxonomy":"product_cat","embeddable":true,"href":"https:\/\/moirai.si\/de\/wp-json\/wp\/v2\/product_cat?post=21019"},{"taxonomy":"product_tag","embeddable":true,"href":"https:\/\/moirai.si\/de\/wp-json\/wp\/v2\/product_tag?post=21019"}],"curies":[{"name":"wp","href":"https:\/\/api.w.org\/{rel}","templated":true}]}}