{"id":21039,"date":"2022-01-28T12:43:08","date_gmt":"2022-01-28T12:43:08","guid":{"rendered":"https:\/\/moirai.si\/?post_type=product&#038;p=21039"},"modified":"2025-12-16T14:31:31","modified_gmt":"2025-12-16T14:31:31","slug":"der-kleine-hamatit-2","status":"publish","type":"product","link":"https:\/\/moirai.si\/de\/izdelek\/le-petit-hematit-2\/","title":{"rendered":"Le Petit Hematite"},"content":{"rendered":"<p>Elegante Ohrringe aus der Kollektion Le Petit, aus H\u00e4matit und Sterlingsilber 925.<\/p>\n<p>Weitere Informationen: <a href=\"https:\/\/moirai.si\/de\/hamatit\/\" target=\"_blank\" rel=\"noopener noreferrer\">H\u00e4matit<\/a><\/p>\n<p>MATERIAL: H\u00e4matit, Sterlingsilber 925<br \/>\nSTEINGR\u00d6SSE: 8 mm<br \/>\nGEWICHT: 3,8 g<br \/>\nL\u00c4NGE: 2 cm<\/p>","protected":false},"excerpt":{"rendered":"<p>Elegantni uhani kolekcije Le Petit, ki so narejeni iz Hematita in rodiniranega srebra 925. Ve\u010d informacij: Hematit MATERIAL: Hematit, rodinirano srebro 925 VELIKOST KAMNOV: 8 mm TE\u017dA: 3.8 g DOL\u017dINA: 2 cm<\/p>","protected":false},"featured_media":24039,"template":"","meta":[],"product_brand":[],"product_cat":[42,211,1138,27,1143],"product_tag":[202,637],"class_list":{"0":"post-21039","1":"product","2":"type-product","3":"status-publish","4":"has-post-thumbnail","6":"product_cat-hematit","7":"product_cat-le-petit","8":"product_cat-ogled-vseh-uhani","9":"product_cat-uhani","10":"product_cat-uhani-le-petit","11":"product_tag-hematit","12":"product_tag-rodinirano-srebro-925","14":"first","15":"instock","16":"shipping-taxable","17":"purchasable","18":"product-type-simple"},"_links":{"self":[{"href":"https:\/\/moirai.si\/de\/wp-json\/wp\/v2\/product\/21039","targetHints":{"allow":["GET"]}}],"collection":[{"href":"https:\/\/moirai.si\/de\/wp-json\/wp\/v2\/product"}],"about":[{"href":"https:\/\/moirai.si\/de\/wp-json\/wp\/v2\/types\/product"}],"wp:featuredmedia":[{"embeddable":true,"href":"https:\/\/moirai.si\/de\/wp-json\/wp\/v2\/media\/24039"}],"wp:attachment":[{"href":"https:\/\/moirai.si\/de\/wp-json\/wp\/v2\/media?parent=21039"}],"wp:term":[{"taxonomy":"product_brand","embeddable":true,"href":"https:\/\/moirai.si\/de\/wp-json\/wp\/v2\/product_brand?post=21039"},{"taxonomy":"product_cat","embeddable":true,"href":"https:\/\/moirai.si\/de\/wp-json\/wp\/v2\/product_cat?post=21039"},{"taxonomy":"product_tag","embeddable":true,"href":"https:\/\/moirai.si\/de\/wp-json\/wp\/v2\/product_tag?post=21039"}],"curies":[{"name":"wp","href":"https:\/\/api.w.org\/{rel}","templated":true}]}}