{"id":21041,"date":"2022-01-28T12:44:28","date_gmt":"2022-01-28T12:44:28","guid":{"rendered":"https:\/\/moirai.si\/?post_type=product&#038;p=21041"},"modified":"2026-04-19T20:31:30","modified_gmt":"2026-04-19T20:31:30","slug":"le-petit-turmalin-crni","status":"publish","type":"product","link":"https:\/\/moirai.si\/de\/izdelek\/le-petit-turmalin-crni\/","title":{"rendered":"Le Petit Tourmalin Schwarz"},"content":{"rendered":"<p>Elegantni uhani kolekcije Le Petit, ki so narejeni iz \u010drnega Turmalina in rodiniranega srebra 925.<\/p>\n<p>MATERIAL: \u010drni Turmalin, rodinirano srebro 925<br \/>\nSTEINGR\u00d6SSE: 8 mm<br \/>\nTE\u017dA: 2.8 g<br \/>\nL\u00c4NGE: 2 cm<\/p>","protected":false},"excerpt":{"rendered":"<p>Elegantni uhani kolekcije Le Petit, ki so narejeni iz \u010drnega Turmalina in rodiniranega srebra 925. MATERIAL: \u010drni Turmalin, rodinirano srebro 925 VELIKOST KAMNOV: 8 mm TE\u017dA: 2.8 g DOL\u017dINA: 2 cm<\/p>","protected":false},"featured_media":24036,"template":"","meta":[],"product_brand":[],"product_cat":[211,1138,85,27,1143],"product_tag":[766,637],"class_list":{"0":"post-21041","1":"product","2":"type-product","3":"status-publish","4":"has-post-thumbnail","6":"product_cat-le-petit","7":"product_cat-ogled-vseh-uhani","8":"product_cat-turmalin","9":"product_cat-uhani","10":"product_cat-uhani-le-petit","11":"product_tag-crni-turmalin","12":"product_tag-rodinirano-srebro-925","14":"first","15":"instock","16":"featured","17":"shipping-taxable","18":"purchasable","19":"product-type-simple"},"_links":{"self":[{"href":"https:\/\/moirai.si\/de\/wp-json\/wp\/v2\/product\/21041","targetHints":{"allow":["GET"]}}],"collection":[{"href":"https:\/\/moirai.si\/de\/wp-json\/wp\/v2\/product"}],"about":[{"href":"https:\/\/moirai.si\/de\/wp-json\/wp\/v2\/types\/product"}],"wp:featuredmedia":[{"embeddable":true,"href":"https:\/\/moirai.si\/de\/wp-json\/wp\/v2\/media\/24036"}],"wp:attachment":[{"href":"https:\/\/moirai.si\/de\/wp-json\/wp\/v2\/media?parent=21041"}],"wp:term":[{"taxonomy":"product_brand","embeddable":true,"href":"https:\/\/moirai.si\/de\/wp-json\/wp\/v2\/product_brand?post=21041"},{"taxonomy":"product_cat","embeddable":true,"href":"https:\/\/moirai.si\/de\/wp-json\/wp\/v2\/product_cat?post=21041"},{"taxonomy":"product_tag","embeddable":true,"href":"https:\/\/moirai.si\/de\/wp-json\/wp\/v2\/product_tag?post=21041"}],"curies":[{"name":"wp","href":"https:\/\/api.w.org\/{rel}","templated":true}]}}