{"id":21072,"date":"2022-01-28T15:15:41","date_gmt":"2022-01-28T15:15:41","guid":{"rendered":"https:\/\/moirai.si\/?post_type=product&#038;p=21072"},"modified":"2025-01-12T20:25:06","modified_gmt":"2025-01-12T20:25:06","slug":"ella-tigrovo-oko-3","status":"publish","type":"product","link":"https:\/\/moirai.si\/de\/izdelek\/ella-tigrovo-oko-3\/","title":{"rendered":"Ella Tigerauge"},"content":{"rendered":"<p>Elegantni uhani kolekcije Ella, ki so narejeni iz Tigrovega O\u010desa in rodiniranega srebra 925. Slika je simboli\u010dna. Mo\u017ena so manj\u0161a odstopanja v te\u017ei in barvi.<\/p>\n<p>MATERIAL: Tigerauge, Sterling Silber 925<br \/>\nVELIKOST KAMNOV: 25 mm<br \/>\nGEWICHT: 11,8 g<br \/>\nL\u00c4NGE: 4,9 cm<\/p>","protected":false},"excerpt":{"rendered":"<p>Elegantni uhani kolekcije Ella, ki so narejeni iz Tigrovega O\u010desa in rodiniranega srebra 925. Slika je simboli\u010dna. Mo\u017ena so manj\u0161a odstopanja v te\u017ei in barvi. MATERIAL: Tigrovo Oko, rodinirano srebro 925 VELIKOST KAMNOV: 25 mm TE\u017dA: 11.8 g DOL\u017dINA: 4.9 cm<\/p>","protected":false},"featured_media":24070,"template":"","meta":[],"product_brand":[],"product_cat":[289,1138,81,27,1142],"product_tag":[1101,199],"class_list":{"0":"post-21072","1":"product","2":"type-product","3":"status-publish","4":"has-post-thumbnail","6":"product_cat-ella","7":"product_cat-ogled-vseh-uhani","8":"product_cat-tigrovo-oko","9":"product_cat-uhani","10":"product_cat-uhani-ella","11":"product_tag-rodionirano-srebro-925","12":"product_tag-tigrovo-oko","14":"first","15":"instock","16":"shipping-taxable","17":"purchasable","18":"product-type-simple"},"_links":{"self":[{"href":"https:\/\/moirai.si\/de\/wp-json\/wp\/v2\/product\/21072","targetHints":{"allow":["GET"]}}],"collection":[{"href":"https:\/\/moirai.si\/de\/wp-json\/wp\/v2\/product"}],"about":[{"href":"https:\/\/moirai.si\/de\/wp-json\/wp\/v2\/types\/product"}],"wp:featuredmedia":[{"embeddable":true,"href":"https:\/\/moirai.si\/de\/wp-json\/wp\/v2\/media\/24070"}],"wp:attachment":[{"href":"https:\/\/moirai.si\/de\/wp-json\/wp\/v2\/media?parent=21072"}],"wp:term":[{"taxonomy":"product_brand","embeddable":true,"href":"https:\/\/moirai.si\/de\/wp-json\/wp\/v2\/product_brand?post=21072"},{"taxonomy":"product_cat","embeddable":true,"href":"https:\/\/moirai.si\/de\/wp-json\/wp\/v2\/product_cat?post=21072"},{"taxonomy":"product_tag","embeddable":true,"href":"https:\/\/moirai.si\/de\/wp-json\/wp\/v2\/product_tag?post=21072"}],"curies":[{"name":"wp","href":"https:\/\/api.w.org\/{rel}","templated":true}]}}