{"id":21076,"date":"2022-01-28T15:21:37","date_gmt":"2022-01-28T15:21:37","guid":{"rendered":"https:\/\/moirai.si\/?post_type=product&#038;p=21076"},"modified":"2025-01-12T20:06:24","modified_gmt":"2025-01-12T20:06:24","slug":"clasic-biser-9","status":"publish","type":"product","link":"https:\/\/moirai.si\/de\/izdelek\/clasic-biser-9\/","title":{"rendered":"Klassisch Perle"},"content":{"rendered":"<p>Elegantni uhani kolekcije Clasic, ki so narejeni iz Biserov in srebra 925. Slika je simboli\u010dna. Mo\u017ena so manj\u0161a odstopanja v te\u017ei, barvi in obliki. <\/p>\n<p>MATERIAL: beli sladkovodno-gojeni Biseri, rodinirano srebro 925<br \/>\nVELIKOST BISEROV: 15 mm<br \/>\nGEWICHT: 6,4 g<br \/>\nDOL\u017dINA UHANA: 3.9 cm<\/p>","protected":false},"excerpt":{"rendered":"<p>Elegantni uhani kolekcije Clasic, ki so narejeni iz Biserov in srebra 925. Slika je simboli\u010dna. Mo\u017ena so manj\u0161a odstopanja v te\u017ei, barvi in obliki. MATERIAL: beli sladkovodno-gojeni Biseri, rodinirano srebro 925 VELIKOST BISEROV: 15 mm TE\u017dA: 6.4 g DOL\u017dINA UHANA: 3.9 cm<\/p>","protected":false},"featured_media":23179,"template":"","meta":[],"product_brand":[],"product_cat":[687,1135,208,1138,27,1139,1141],"product_tag":[647,371],"class_list":{"0":"post-21076","1":"product","2":"type-product","3":"status-publish","4":"has-post-thumbnail","6":"product_cat-biser","7":"product_cat-biseri-in-skoljke","8":"product_cat-clasic","9":"product_cat-ogled-vseh-uhani","10":"product_cat-uhani","11":"product_cat-uhani-biseri","12":"product_cat-uhani-clasic","13":"product_tag-beli-sladkovodno-gojeni-biseri","14":"product_tag-srebro-925","16":"first","17":"outofstock","18":"shipping-taxable","19":"purchasable","20":"product-type-simple"},"_links":{"self":[{"href":"https:\/\/moirai.si\/de\/wp-json\/wp\/v2\/product\/21076","targetHints":{"allow":["GET"]}}],"collection":[{"href":"https:\/\/moirai.si\/de\/wp-json\/wp\/v2\/product"}],"about":[{"href":"https:\/\/moirai.si\/de\/wp-json\/wp\/v2\/types\/product"}],"wp:featuredmedia":[{"embeddable":true,"href":"https:\/\/moirai.si\/de\/wp-json\/wp\/v2\/media\/23179"}],"wp:attachment":[{"href":"https:\/\/moirai.si\/de\/wp-json\/wp\/v2\/media?parent=21076"}],"wp:term":[{"taxonomy":"product_brand","embeddable":true,"href":"https:\/\/moirai.si\/de\/wp-json\/wp\/v2\/product_brand?post=21076"},{"taxonomy":"product_cat","embeddable":true,"href":"https:\/\/moirai.si\/de\/wp-json\/wp\/v2\/product_cat?post=21076"},{"taxonomy":"product_tag","embeddable":true,"href":"https:\/\/moirai.si\/de\/wp-json\/wp\/v2\/product_tag?post=21076"}],"curies":[{"name":"wp","href":"https:\/\/api.w.org\/{rel}","templated":true}]}}