{"id":21080,"date":"2022-01-28T15:44:06","date_gmt":"2022-01-28T15:44:06","guid":{"rendered":"https:\/\/moirai.si\/?post_type=product&#038;p=21080"},"modified":"2025-12-16T15:55:51","modified_gmt":"2025-12-16T15:55:51","slug":"clasic-korala-11","status":"publish","type":"product","link":"https:\/\/moirai.si\/de\/izdelek\/clasic-korala-11\/","title":{"rendered":"Klassischer Korala"},"content":{"rendered":"<p>Elegantni uhani kolekcije Clasic, ki so narejeni iz Korale in rodiniranega srebra 925. Slika je simboli\u010dna, mo\u017ena so manj\u0161a odstopanja v barvi in te\u017ei. <\/p>\n<p>MATERIAL: rde\u010da Gobasta Korala, rodinirano srebro 925<br \/>\nVELIKOST KAMNOV: 18 mm<br \/>\nGEWICHT: 4,8 g<br \/>\nDOL\u017dINA UHANA: 4.2 cm<\/p>","protected":false},"excerpt":{"rendered":"<p>Elegantni uhani kolekcije Clasic, ki so narejeni iz Korale in rodiniranega srebra 925. Slika je simboli\u010dna, mo\u017ena so manj\u0161a odstopanja v barvi in te\u017ei. MATERIAL: rde\u010da Gobasta Korala, rodinirano srebro 925 VELIKOST KAMNOV: 18 mm TE\u017dA: 4.8 g DOL\u017dINA UHANA: 4.2 cm<\/p>","protected":false},"featured_media":26967,"template":"","meta":[],"product_brand":[],"product_cat":[208,52,1138,27,1141],"product_tag":[398,637],"class_list":{"0":"post-21080","1":"product","2":"type-product","3":"status-publish","4":"has-post-thumbnail","6":"product_cat-clasic","7":"product_cat-gobasta-korala","8":"product_cat-ogled-vseh-uhani","9":"product_cat-uhani","10":"product_cat-uhani-clasic","11":"product_tag-rdeca-gobasta-korala","12":"product_tag-rodinirano-srebro-925","14":"first","15":"instock","16":"shipping-taxable","17":"purchasable","18":"product-type-simple"},"_links":{"self":[{"href":"https:\/\/moirai.si\/de\/wp-json\/wp\/v2\/product\/21080","targetHints":{"allow":["GET"]}}],"collection":[{"href":"https:\/\/moirai.si\/de\/wp-json\/wp\/v2\/product"}],"about":[{"href":"https:\/\/moirai.si\/de\/wp-json\/wp\/v2\/types\/product"}],"wp:featuredmedia":[{"embeddable":true,"href":"https:\/\/moirai.si\/de\/wp-json\/wp\/v2\/media\/26967"}],"wp:attachment":[{"href":"https:\/\/moirai.si\/de\/wp-json\/wp\/v2\/media?parent=21080"}],"wp:term":[{"taxonomy":"product_brand","embeddable":true,"href":"https:\/\/moirai.si\/de\/wp-json\/wp\/v2\/product_brand?post=21080"},{"taxonomy":"product_cat","embeddable":true,"href":"https:\/\/moirai.si\/de\/wp-json\/wp\/v2\/product_cat?post=21080"},{"taxonomy":"product_tag","embeddable":true,"href":"https:\/\/moirai.si\/de\/wp-json\/wp\/v2\/product_tag?post=21080"}],"curies":[{"name":"wp","href":"https:\/\/api.w.org\/{rel}","templated":true}]}}